{"id":1120,"date":"2024-08-26T07:05:47","date_gmt":"2024-08-26T05:05:47","guid":{"rendered":"https:\/\/ragdolls-rasephas.de\/?page_id=1120"},"modified":"2024-08-26T07:05:47","modified_gmt":"2024-08-26T05:05:47","slug":"liebe-katzeneltern","status":"publish","type":"page","link":"https:\/\/ragdolls-rasephas.de\/?page_id=1120","title":{"rendered":"Liebe Katzeneltern"},"content":{"rendered":"<p>Liebe Katzeneltern<\/p>\n<p>Unseren Ragdollbabys w\u00fcnschen wir ein wundersch\u00f6nes langes und gesundes Leben bei Ihnen, und Ihnen viel Freude mit dem kleinen Spatz. Am Anfang braucht es viel Geduld und sehr viel Liebe, doch wenn Sie Ihr neues Familienmitglied genau beobachten, werden Sie seinen Charakter sehr schnell kennen lernen, ihn lieben lernen und sehr viel zu lachen haben. Katzen sind wunderbare Tr\u00f6ster und lernen uns geduldiger zu werden.<\/p>\n<p>Ich m\u00f6chte Ihnen noch ein paar Tipps mit auf den Weg geben.<\/p>\n<p>Geben Sie die ersten drei Tage nur das mitgegebene Kitten- Futter, sp\u00e4ter k\u00f6nnen Sie auf ein anderes Futter wechseln. Trockenfutter k\u00f6nnen Sie den ganzen Tag anbieten. Vor allem im Wachstum, w\u00e4hrend den ersten 2-3 Jahren m\u00fcssen Katzenkinder gen\u00fcgend essen. Sie verbrennen die Kalorien mit dem rumtoben, sp\u00e4ter werden die Katzen ruhiger und brauchen nicht mehr so viel Essen.<\/p>\n<p>M\u00f6chten Sie das Futter wechseln, so machen Sie es langsam in dem Sie ihr neues Futter mit dem alten w\u00e4hrend einer Woche mischen.<\/p>\n<p>Sie d\u00fcrfen der Katze auch ab und zu Rahmquark, Kaffeerahm oder Naturjoghurt geben. Milch darf nur bei Verstopfung gegeben werden. Ab und zu ein Eigelb, manche Katzen lieben das. Niemals Eiwei\u00df f\u00fcttern.<\/p>\n<p>Ab und zu mal ein kleines D\u00f6schen Thunfisch in Wasser m\u00f6gen die Katzen in kleinen Portionen auch sehr gerne.<\/p>\n<p>Trinkwasser immer weit weg vom Futter aufstellen. Das Wasser muss nicht jeden Tag gewechselt werden, Katzen lieben abgestandenes Wasser. Doch die Reinigung des Wasserbeh\u00e4lters ist einmal in der Woche Pflicht.<\/p>\n<p>Sollte der Kot der Katze d\u00fcnner werden (was durch die neue Umgebung auftreten kann), nur Trockenfutter geben. Sollte sich der Kot in den n\u00e4chsten paar tagen nicht \u00e4ndern, ist ein Tierart zu konsultieren. Alle unsere Katzen wurden vor Abgabe entwurmt.<\/p>\n<p>Es kann auch sein, dass bei zu trockener Luft sich an der Nase schwarze R\u00e4nder bilden. Mit einem feuchten Tuch kann man die Nasenr\u00e4nder reinigen.<\/p>\n<p>Ab dem 5. Monat beginnt bei der Katze der Zahnwechsel. Es kann gut sein, dass sich Ihre Katze \u00f6fters als normal mit den Pfoten \u00fcber das Gesicht streicht oder sehr oft den Kopf sch\u00fcttelt. Auch Katzenkinder haben beim Zahnwechsel Schmerzen. Fieber und M\u00fcdigkeit ist daher auch keine Seltenheit. Wir empfehlen die Katze erst nach dem Zahnwechsel zu kastrieren. Das hei\u00dft ca. mit 7-8 Monate.<\/p>\n<p>Ein paar Wochen vor dem allj\u00e4hrlichem impfen empfehlen wir eine Wurmkur. Sollte ihre Katze dennoch einmal Durchfall haben kann eine Wurmkur sehr hilfreich sein. Bei Durchfall nur noch Trockenfutter oder gekochtes Putenbr\u00fcstchen anbieten. Das Putenfleisch nur im Wasser ohne Salz gut durchkochen.<\/p>\n<p>Leidet die Katze unter Verstopfung k\u00f6nnen Sie ihr ein Kaffeel\u00f6ffel Milch pro Tag geben, bis der Kot wieder normal ist.<\/p>\n<p>Unsere Katzen wurden zweimal gegen Katzenseuche\/Katzenschnupfen geimpft. Unsere Katzenzucht ist Leukose frei. Bei Freig\u00e4nger ist es zu empfehlen auch die Leukoseimpfung zu machen. Sollte eine Ihrer Katzen eine Freig\u00e4ngerin sein, ist es notwendig alle Katzen gegen Leukose zu impfen. Besprechen Sie das mit Ihrem Tierarzt.<\/p>\n<p>Bei der Impfung sollte der Tierarzt auch eine Zahnstein- Kontrolle durchf\u00fchren. Manchmal kommt es vor, dass Katzen in der Pubert\u00e4t zwischen 7-12 Monate am Kinn an einer Akne leiden. Das Kinn f\u00e4rbt sich schwarz, in schweren F\u00e4llen ein dicker schwarzer Belag. Es ist hormonell bedingt und geht mit der Kastration weg, ansonsten beim Tierarzt \u201eFuciderm\u201c holen, damit einreiben kurz einwirken lassen und mit einem feuchten Tuch abwaschen.<\/p>\n<p>Fettschwanz, ist auch nur bei nicht kastrierten Katern ein Problem, doch sollten Sie einmal einen fettigen Belag am Schwanzansatz bemerken, k\u00f6nnen Sie den mit einem f\u00fcr Katzen gemachtem Trockenshampoo wegmachen. Trockenshampoo gut einmassieren und mit der Katzenb\u00fcrste ausk\u00e4mmen. Vorgang so lange wiederholen bis das Fett am Schwanz\u00a0 weg ist.<\/p>\n<p>B\u00fcrsten Sie Ihren neuen Hausgenossen wenn er m\u00fcde herum liegt, ansonsten will er mit der B\u00fcrste nur spielen. Lassen Sie das B\u00fcrsten zur Gewohnheit werden, somit haben Sie mit der Fellpflege nie ein Problem.<\/p>\n<p>Heisse Herdplatten abdecken mit deckeln, Kochgitter oder einer Pfanne mit kaltem Wasser. Vorsicht bei ge\u00f6ffneten Klo-Deckeln, Waschmaschinen, Trockner und Geschirrsp\u00fclern. T\u00fcren sichern damit sie nicht selber zufallen kann und die Katze eingeschlossen ist. Lassen sie keine Wollf\u00e4den liegen!<\/p>\n<p>Bitte seien Sie auch mit Kippfenstern sehr vorsichtig, die Katzen k\u00f6nnen sich einklemmen und sehr schwer verletzen, nicht selten sterben.<\/p>\n<p>Schokolade kann f\u00fcr die Katze t\u00f6dlich sein und auch Pflanzen wie unten aufgelistet k\u00f6nnen f\u00fcr Katzen sehr giftig und auch t\u00f6dlich sein.<\/p>\n<p>Ackerveilchen, Ackerwinde, Adlerfarn, Adonisr\u00f6schen, Akelei, Alpenrose, Alpenveilchen, Amaryllis, Anemone, Anthurie, Arnika, Aronstab, Azalee<\/p>\n<p>Bilsenkraut, Blasenstrauch, blaustern, Blaualgen, Buchsbaum<\/p>\n<p>Calla, Christrose, Christsterne, Christusdorn, Chrysantheme, Clematis, Clivie, Comfrey<\/p>\n<p>Daphne, Dattelpalme, Dieffenbachia, Dipladenie, Diptam, Drachenbaum, Dreizack, D\u00fcrrwurz<\/p>\n<p>Edelwei\u00df, Efeu, Eibe, Eisenhut, Elefantenfu\u00df, Engelstrompete, Euphorbia marginita<\/p>\n<p>Farne, Faulbaum, Feigenbaum, Feldstiefm\u00fctterchen, Feuerdorn, Fingerhut, Frauenschuh<\/p>\n<p>Gei\u00dfblatt, Gei\u00dfraute, Geranie, Germer, Ginster, Glockenbilsenkraut, Glyzinie, Goldregen<\/p>\n<p>Hahnenfu\u00df, Hartriegel, Heckenkirsche, Herbstzeitlose, Herkuleskraut, Hortensie, Hundepetersilie, Hyazinte<\/p>\n<p>Jasmin<\/p>\n<p>Kaiserkrone, K\u00e4lberkropf, Kaladie, kartoffelpflanze (Keime), Kirschlorbeer, Kletterspindelstrauch, Korallenbeere, Kornrade, Kreuzkraut, Krokus, Kroton, K\u00fcchenschelle<\/p>\n<p>Lebensbaum (Thuja), Leberbl\u00fcmchen, Liguster, Lein, L\u00f6wenzahn, Lolch, Lorbeer, Lupine<\/p>\n<p>M\u00e4rzbecher, Magnolie, Mahonie, Maigl\u00f6ckchen, Mauerpfeffer, Mistel, Mohn, Mutterkornpilz<\/p>\n<p>Orchidee, Orleander<\/p>\n<p>Pfaffenh\u00fctchen, Pferdesaat, Philodendron, Primeln, Rainfarn, Rhododendron, Rittersporn, Robinie, Rizinus-Samen, Rosmarienheide<\/p>\n<p>Sadebaum, Salomonsiegel, Schachtelhalm, Schierling, Schlafmohn, Sch\u00fcsselblume, Schneeball, Schneegl\u00f6ckchen, Scilla, Sch\u00f6terich, Seidelbast, Skabiosen, Spindelbaum, Stechapfel, Stechpalme, Steinklee, Sumpfdotterblume<\/p>\n<p>Tabakpflanze, Taxus, Thujen, Tigerlilie, Tollkirsche, Traubenhyazinthe, Trollblume, Tomatenpflanze, Tulpe, T\u00fcpfelhartheu<\/p>\n<p>Usambaraveilchen<\/p>\n<p>Veilchen, verdorbene Kartoffeln<\/p>\n<p>Wacholder, Waldmeister, wandelr\u00f6schen, Wasserschierling, Weihnachtsstern, Weihnachtskaktus, Weinraute, Wicken, Wildlupine, Wolfsmilch, W\u00fcstenrose, Wurmfarn<\/p>\n<p>Yucca (nicht giftig, jedoch sehr spitz und scharf)<\/p>\n<p>Zaunr\u00fcbe, Zimmeraralie, Zwergmistel, Zypresse<\/p>\n","protected":false},"excerpt":{"rendered":"<p>Liebe Katzeneltern Unseren Ragdollbabys w\u00fcnschen wir ein wundersch\u00f6nes langes und gesundes Leben bei Ihnen, und Ihnen viel Freude mit dem kleinen Spatz. Am Anfang braucht es viel Geduld und sehr viel Liebe, doch wenn Sie Ihr neues Familienmitglied genau beobachten, werden Sie seinen Charakter sehr schnell kennen lernen, ihn lieben lernen und sehr viel zu [&hellip;]<\/p>\n","protected":false},"author":2,"featured_media":0,"parent":0,"menu_order":0,"comment_status":"closed","ping_status":"closed","template":"","meta":{"footnotes":""},"class_list":["post-1120","page","type-page","status-publish","hentry"],"_links":{"self":[{"href":"https:\/\/ragdolls-rasephas.de\/index.php?rest_route=\/wp\/v2\/pages\/1120","targetHints":{"allow":["GET"]}}],"collection":[{"href":"https:\/\/ragdolls-rasephas.de\/index.php?rest_route=\/wp\/v2\/pages"}],"about":[{"href":"https:\/\/ragdolls-rasephas.de\/index.php?rest_route=\/wp\/v2\/types\/page"}],"author":[{"embeddable":true,"href":"https:\/\/ragdolls-rasephas.de\/index.php?rest_route=\/wp\/v2\/users\/2"}],"replies":[{"embeddable":true,"href":"https:\/\/ragdolls-rasephas.de\/index.php?rest_route=%2Fwp%2Fv2%2Fcomments&post=1120"}],"version-history":[{"count":1,"href":"https:\/\/ragdolls-rasephas.de\/index.php?rest_route=\/wp\/v2\/pages\/1120\/revisions"}],"predecessor-version":[{"id":1121,"href":"https:\/\/ragdolls-rasephas.de\/index.php?rest_route=\/wp\/v2\/pages\/1120\/revisions\/1121"}],"wp:attachment":[{"href":"https:\/\/ragdolls-rasephas.de\/index.php?rest_route=%2Fwp%2Fv2%2Fmedia&parent=1120"}],"curies":[{"name":"wp","href":"https:\/\/api.w.org\/{rel}","templated":true}]}}