{"id":1123,"date":"2024-08-26T07:10:49","date_gmt":"2024-08-26T05:10:49","guid":{"rendered":"https:\/\/ragdolls-rasephas.de\/?page_id=1123"},"modified":"2024-08-26T07:10:49","modified_gmt":"2024-08-26T05:10:49","slug":"rasseportrait","status":"publish","type":"page","link":"https:\/\/ragdolls-rasephas.de\/?page_id=1123","title":{"rendered":"Rasseportrait"},"content":{"rendered":"<p>Ich m\u00f6chte euch die Katzenrasse Ragdoll vorstellen:<\/p>\n<p>Die Rasse wurde im Mai 2015\u00a0 <strong>50<\/strong> <strong>Jahre<\/strong> alt.<\/p>\n<p>Also ist die Ragdoll eine sehr junge Rasse, ihre Geschichte begann am Anfang der 60-er Jahre in Kalifornien (USA). Wahrscheinlich sind die Urahnen der Ragdoll Siam\/Birma \u00e4hnliche Katzen. Es gab 3 wichtige Z\u00fcchter in der Entstehungsgeschichte der Ragdoll: Die Namensgeberin Ann Baker. Sie gab der Ragdoll den Namen und lie\u00df sie 1965 patentieren. Durch das Erheben einer Lizenzabgabe f\u00fcr Tiere aus ihrer Linie traditionell Baker\u00b4schen Ragdoll erschwerte sie die Z\u00fcchtung massiv. Ein Gl\u00fcck f\u00fcr die Zucht war die fr\u00fche Trennung zweier Familien Dayton (Cattery Blossom Time) und Chambers (Cattery Ragnarok) von Ann Baker. So konnten sie lizenzfrei die Zucht weiterf\u00fchren und ihnen ist es im wesentlichen zu verdanken was die Ragdoll \u2013 Zucht heute ist. Die Daytons spielten eine weitere wichtige Rolle in der Z\u00fcchtung der Ragdoll. Sie legten eine Genetik Karte an, in welcher man alle Abk\u00f6mmlinge der Ur- Ragdoll dokumentierte. Dieser Stammbaum ist einzigartig in der Katzenwelt. Diese f\u00fchrte er bis ins Jahr 1994.<\/p>\n<p>Es ist ihr einzigartiger Charakter, der sie zu einer Besonderheit unter den Katzenrassen macht. Sie sind die Kuscheltiere schlecht hin unter den Katzenrassen. Wenn sie hoch genommen werden, entspannt sich ihre Muskulatur so, dass sie nicht mehr in der Lage sind, die Pfoten zu heben oder die Krallen zu benutzen. Von daher kommt auch ihr spezieller Name, auf deutsch Stoffpuppe oder Lumpenpuppe, weil sie ihre Gliedma\u00dfen in unseren Armen einfach h\u00e4ngen l\u00e4sst. Sie sind sehr neugierig und aufgeweckt, sehr menschenbezogen, sozusagen ein vollwertiges Familienmitglied. Ihr Besitzer wird in vielen h\u00e4uslichen Aktivit\u00e4ten begleitet. Die Ragdoll ist sehr anh\u00e4nglich, fast schon wie ein Schatten. Die Ragdoll ist aufgrund ihres ausgeglichenen und gutm\u00fctigen Wesens die ideale Wohnungskatze, man muss auch keine Angst haben vor Attacken auf M\u00f6bel haben. Es empfiehlt sich sogar, sie nicht raus zu lassen, denn durch ihr \u00e4u\u00dferst soziales Verhalten und ihre Menschenbezogenheit, hat sie den \u00dcberlebens-Instinkt fast verloren. Die Chance ist gro\u00df, dass sie sich drau\u00dfen nicht verteidigt und mit ihrer vertrauensseligen Art mit jedem mitl\u00e4uft.<\/p>\n<p>Die traditionelle Ragdoll hat eine kr\u00e4ftige Gesamterscheinung, einen langen muskul\u00f6sen K\u00f6rper. Mit mittel gro\u00dfen Ohren und Haarb\u00fcschel zwischen den Zehen. Ihr Fell ist seidig weich und liegt am K\u00f6rper an. Das Fell bricht sich wenn sie in Bewegung ist. Sie hat eine deutliche Halskrause. Das Fell wird nach hinten immer l\u00e4nger, also im Gesicht kurz und ab Kopfende \u00fcber den R\u00fccken hin immer l\u00e4nger. Sie ist eine ausschlie\u00dflich blau\u00e4ugige Rassekatze. Sie kommen ganz weiss zur Welt, ihre Fellfarbentwicklung ist erst so richtig abgeschlossen mit ca. 3 Jahren.<\/p>\n<p>Die 4 Grundfarben sind:<\/p>\n<ul>\n<li>Seal- dunkle, praktisch schwarze\/ dunkel Braune Farbverteilung<\/li>\n<li>Blue- graue Farbverteilung, die in Blau vorkommt<\/li>\n<li>Lilac- sehr helles grau<\/li>\n<li>Chocolate- schokoladig, hellbraun<\/li>\n<\/ul>\n<p>Zeichnungsvarianten sind:<\/p>\n<ul>\n<li>Mitted<\/li>\n<li>Colourpoint<\/li>\n<li>Bicolor<\/li>\n<\/ul>\n<p>Zur Fellpflege, da sie ein halblanges Fell haben, empfiehlt es sich 1 mal pro Woche zu b\u00fcrsten.<\/p>\n","protected":false},"excerpt":{"rendered":"<p>Ich m\u00f6chte euch die Katzenrasse Ragdoll vorstellen: Die Rasse wurde im Mai 2015\u00a0 50 Jahre alt. Also ist die Ragdoll eine sehr junge Rasse, ihre Geschichte begann am Anfang der 60-er Jahre in Kalifornien (USA). Wahrscheinlich sind die Urahnen der Ragdoll Siam\/Birma \u00e4hnliche Katzen. Es gab 3 wichtige Z\u00fcchter in der Entstehungsgeschichte der Ragdoll: Die [&hellip;]<\/p>\n","protected":false},"author":2,"featured_media":0,"parent":0,"menu_order":0,"comment_status":"closed","ping_status":"closed","template":"","meta":{"footnotes":""},"class_list":["post-1123","page","type-page","status-publish","hentry"],"_links":{"self":[{"href":"https:\/\/ragdolls-rasephas.de\/index.php?rest_route=\/wp\/v2\/pages\/1123","targetHints":{"allow":["GET"]}}],"collection":[{"href":"https:\/\/ragdolls-rasephas.de\/index.php?rest_route=\/wp\/v2\/pages"}],"about":[{"href":"https:\/\/ragdolls-rasephas.de\/index.php?rest_route=\/wp\/v2\/types\/page"}],"author":[{"embeddable":true,"href":"https:\/\/ragdolls-rasephas.de\/index.php?rest_route=\/wp\/v2\/users\/2"}],"replies":[{"embeddable":true,"href":"https:\/\/ragdolls-rasephas.de\/index.php?rest_route=%2Fwp%2Fv2%2Fcomments&post=1123"}],"version-history":[{"count":1,"href":"https:\/\/ragdolls-rasephas.de\/index.php?rest_route=\/wp\/v2\/pages\/1123\/revisions"}],"predecessor-version":[{"id":1124,"href":"https:\/\/ragdolls-rasephas.de\/index.php?rest_route=\/wp\/v2\/pages\/1123\/revisions\/1124"}],"wp:attachment":[{"href":"https:\/\/ragdolls-rasephas.de\/index.php?rest_route=%2Fwp%2Fv2%2Fmedia&parent=1123"}],"curies":[{"name":"wp","href":"https:\/\/api.w.org\/{rel}","templated":true}]}}