{"id":1134,"date":"2024-09-10T10:14:29","date_gmt":"2024-09-10T08:14:29","guid":{"rendered":"https:\/\/ragdolls-rasephas.de\/?page_id=1134"},"modified":"2024-09-10T10:16:25","modified_gmt":"2024-09-10T08:16:25","slug":"zeichnungsvarianten","status":"publish","type":"page","link":"https:\/\/ragdolls-rasephas.de\/?page_id=1134","title":{"rendered":"Zeichnungsvarianten"},"content":{"rendered":"<p><strong>Colourpoint<\/strong><\/p>\n<p>Ragdoll hat einen cremefarbenen K\u00f6rper, mit dunkler gef\u00e4rbten Extremit\u00e4ten (Maske, Ohren, Beine und Schwanz). Die Brust ist in der Regel heller schattiert, als der \u00fcbrige K\u00f6rper.<\/p>\n<p>Die K\u00f6rperfarbe ist bei seal-point dunkler, als bei chocolate-point und bei blue-point dunkler als bei lilac-point. Die Colourpoint darf keinerlei wei\u00dfe Muster im Gesicht oder Pfoten aufweisen.<\/p>\n<p><strong>Mitted<\/strong><\/p>\n<p>Heller K\u00f6rper, wei\u00dfe Brust, sowie Halskrause, wei\u00dfes Kinn und wei\u00dfe \u201cHandschuhe\u201d an den Vorderpfoten, Hinterbeine bis zur Gelenkh\u00f6he wei\u00df (der Wei\u00dfanteil an den Hinterbeinen muss mindestens bis zur Ferse reichen, nicht h\u00f6her als halber Unterschenkel).<\/p>\n<p>Die Fu\u00dfballen sind komplett rosa.<br \/>Maske mit Gesichtsblesse ist erlaubt.<\/p>\n<p><strong>Bicolour<\/strong><\/p>\n<p>Die Bicolour-Ragdoll hat ein wei\u00dfes Kinn, wei\u00dfe Brust, wei\u00dfe Unterseiten und wei\u00dfe Pfoten.<\/p>\n<p>Ein wichtiges Merkmal ist die wei\u00dfe Maske in Form eines umgekehrten \u201eV`s\u201d . Im Idealfall beginnt die Maske in der Mitte der Stirn und verl\u00e4uft \u00fcber die Augen, bis an die R\u00fcckseite des Kinns.<\/p>\n<p>Wei\u00dfe Flecken auf dem R\u00fccken sind erlaubt.<\/p>\n<p>Aus den verschiedenen Verpaarungen bekommt man auch verschiedene Typen von Bicolours:<\/p>\n<p><strong>High mitted bicolour<\/strong><\/p>\n<p>Aus der Verpaarung Mitted und Mitted kann eine Bicolour fallen, die zwar \u00e4u\u00dferlich wie eine Bicolour aussieht, aber genetisch gesehen zweimal das Mitted-Gen tr\u00e4gt.<\/p>\n<p>Eine solche Ragdoll hei\u00dft High Mitted.<\/p>\n<p><strong>Mid-high white bicolour<\/strong><\/p>\n<p>Aus einer Mitted und Bicolour oder Bicolour und Bicolour Verpaarung, kann eine Bicolour mit zu hohem Wei\u00dfanteil entstehen. Sie sind f\u00fcr die Zucht sehr wertvoll , wenn sie mit Colourpoints verpaart werden. Dann fallen aus diesen Verbindungen (echte) Bicolours und Mitteds.<\/p>\n<p><strong>High white bicolour\/van<\/strong><\/p>\n<p>Die High White Bicolour entsteht zumeist aus einer Bicolour und Bicolour Verpaarung. Diese Katzen haben h\u00e4ufig nur mehr wenig Farbe an den Ohren, auch der K\u00f6rper ist oft bis auf wenige Flecken wei\u00df, auch rein wei\u00dfe K\u00f6rper sind m\u00f6glich. Auch diese Katzen k\u00f6nnen bei Verpaarung mit Colourpoints durchaus wertvolle Zuchttiere sein.\u00a0 Aus diesen Verbindungen gehen dann (echte) Bicolours hervor.<\/p>\n<p>\u00a0<\/p>\n<p>\u00a0<\/p>\n\n\n<figure class=\"wp-block-image size-large is-resized\"><a href=\"https:\/\/ragdolls-rasephas.de\/wp-content\/uploads\/2024\/09\/image.png\"><img loading=\"lazy\" decoding=\"async\" width=\"1024\" height=\"558\" src=\"https:\/\/ragdolls-rasephas.de\/wp-content\/uploads\/2024\/09\/image-1024x558.png\" alt=\"\" class=\"wp-image-1136\" style=\"width:1048px;height:auto\" srcset=\"https:\/\/ragdolls-rasephas.de\/wp-content\/uploads\/2024\/09\/image-1024x558.png 1024w, https:\/\/ragdolls-rasephas.de\/wp-content\/uploads\/2024\/09\/image-300x163.png 300w, https:\/\/ragdolls-rasephas.de\/wp-content\/uploads\/2024\/09\/image-768x418.png 768w, https:\/\/ragdolls-rasephas.de\/wp-content\/uploads\/2024\/09\/image.png 1052w\" sizes=\"auto, (max-width: 1024px) 100vw, 1024px\" \/><\/a><\/figure>\n","protected":false},"excerpt":{"rendered":"<p>Colourpoint Ragdoll hat einen cremefarbenen K\u00f6rper, mit dunkler gef\u00e4rbten Extremit\u00e4ten (Maske, Ohren, Beine und Schwanz). Die Brust ist in der Regel heller schattiert, als der \u00fcbrige K\u00f6rper. Die K\u00f6rperfarbe ist bei seal-point dunkler, als bei chocolate-point und bei blue-point dunkler als bei lilac-point. Die Colourpoint darf keinerlei wei\u00dfe Muster im Gesicht oder Pfoten aufweisen. Mitted [&hellip;]<\/p>\n","protected":false},"author":2,"featured_media":0,"parent":0,"menu_order":0,"comment_status":"closed","ping_status":"closed","template":"","meta":{"footnotes":""},"class_list":["post-1134","page","type-page","status-publish","hentry"],"_links":{"self":[{"href":"https:\/\/ragdolls-rasephas.de\/index.php?rest_route=\/wp\/v2\/pages\/1134","targetHints":{"allow":["GET"]}}],"collection":[{"href":"https:\/\/ragdolls-rasephas.de\/index.php?rest_route=\/wp\/v2\/pages"}],"about":[{"href":"https:\/\/ragdolls-rasephas.de\/index.php?rest_route=\/wp\/v2\/types\/page"}],"author":[{"embeddable":true,"href":"https:\/\/ragdolls-rasephas.de\/index.php?rest_route=\/wp\/v2\/users\/2"}],"replies":[{"embeddable":true,"href":"https:\/\/ragdolls-rasephas.de\/index.php?rest_route=%2Fwp%2Fv2%2Fcomments&post=1134"}],"version-history":[{"count":3,"href":"https:\/\/ragdolls-rasephas.de\/index.php?rest_route=\/wp\/v2\/pages\/1134\/revisions"}],"predecessor-version":[{"id":1138,"href":"https:\/\/ragdolls-rasephas.de\/index.php?rest_route=\/wp\/v2\/pages\/1134\/revisions\/1138"}],"wp:attachment":[{"href":"https:\/\/ragdolls-rasephas.de\/index.php?rest_route=%2Fwp%2Fv2%2Fmedia&parent=1134"}],"curies":[{"name":"wp","href":"https:\/\/api.w.org\/{rel}","templated":true}]}}