{"id":1140,"date":"2024-09-10T11:10:37","date_gmt":"2024-09-10T09:10:37","guid":{"rendered":"https:\/\/ragdolls-rasephas.de\/?page_id=1140"},"modified":"2024-09-10T11:10:37","modified_gmt":"2024-09-10T09:10:37","slug":"traechtigkeit-und-geburt","status":"publish","type":"page","link":"https:\/\/ragdolls-rasephas.de\/?page_id=1140","title":{"rendered":"Tr\u00e4chtigkeit und Geburt"},"content":{"rendered":"\n\n\n<p><\/p>\n\n\n\n<p><strong>1. Tr\u00e4chtigkeit<\/strong><\/p>\n\n\n\n<p>Feststellung der Tr\u00e4chtigkeit:<\/p>\n\n\n\n<figure class=\"wp-block-image size-full\"><a href=\"https:\/\/ragdolls-rasephas.de\/wp-content\/uploads\/2024\/09\/image-2.png\"><img loading=\"lazy\" decoding=\"async\" width=\"234\" height=\"213\" src=\"https:\/\/ragdolls-rasephas.de\/wp-content\/uploads\/2024\/09\/image-2.png\" alt=\"\" class=\"wp-image-1142\"\/><\/a><\/figure>\n\n\n\n<p>Ca. 3-4 Wochen nach der Verpaarung beginnen die Zitzen sich rosa zu f\u00e4rben.<\/p>\n\n\n\n<figure class=\"wp-block-image size-full\"><a href=\"https:\/\/ragdolls-rasephas.de\/wp-content\/uploads\/2024\/09\/image-3.png\"><img loading=\"lazy\" decoding=\"async\" width=\"238\" height=\"234\" src=\"https:\/\/ragdolls-rasephas.de\/wp-content\/uploads\/2024\/09\/image-3.png\" alt=\"\" class=\"wp-image-1143\"\/><\/a><\/figure>\n\n\n\n<p>Zitze bei fortgeschrittener Tr\u00e4chtigkeit.<\/p>\n\n\n\n<p><\/p>\n\n\n\n<p>Wichtig ist die\u00a0ausgewogene und hochwertige Ern\u00e4hrung\u00a0(am besten Aufzuchtnahrung). Dies ist die beste Voraussetzung f\u00fcr eine problemlose Geburt und die Entwicklung gesunder Katzenwelpen. <br><br>Die\u00a0gewohnte Bewegung\u00a0tut der Katze weiterhin gut. Sie sollte einerseits nicht zu ruhig gehalten werden, um die Muskulatur nicht zu schw\u00e4chen, andererseits aber an zu gewagten Spr\u00fcngen und Tobereien gehindert werden.<br><br>Schmusezeiten<strong>\u00a0<\/strong>mit der Katze sollten auch genutzt werden, um die oft festsitzenden Verkrustungen an den Zitzen vorsichtig zu entfernen.<br><br>Absolut zu\u00a0<strong>vermeiden\u00a0sind\u00a0Stress-Situationen:<\/strong>\u00a0Reisen, Ausstellungen, Streitigkeiten mit Mitkatzen. Es sollen keinerlei Medikamente ohne tier\u00e4rztliche Anweisung gegeben werden.<br><br>Ab der\u00a08. Woche\u00a0sind die\u00a0Bewegungen\u00a0der F\u00f6ten durch die Bauchdecke gut\u00a0zu f\u00fchlen.<br>Gegen\u00a0Ende der Tr\u00e4chtigkeit, rechtzeitig vor dem errechneten Termin, sind einige\u00a0Vorbereitungen\u00a0zu treffen:<\/p>\n\n\n\n<p><strong>2. Was Sie vor der Geburt erledigen sollten<\/strong> <\/p>\n\n\n\n<p>Etwa\u00a0zwei Wochen vor der Geburt\u00a0beginnt die werdende Mama nach einem sicheren\u00a0Wurfplatz<strong>\u00a0<\/strong>zu suchen. Stellen Sie Ihrer Katze eine ausgepolsterte\u00a0Wurfkiste<strong>\u00a0<\/strong>bereit. Obenauf legen Sie einen alten\u00a0Bettbezug\u00a0oder \u00e4hnliches. Nach der Geburt werden die mit Fruchtwasser durchfeuchteten\u00a0Einlagen\u00a0mitsamt dem alten Bezug gegen eine weiche, saubere Unterlage ausgetauscht. Wundern Sie sich nicht, wenn Ihre Katze die von Ihnen aufgestellte Wurfkiste ablehnt. Setzen Sie die Katze immer wieder in die Kiste damit Sie sich daran gew\u00f6hnt.<\/p>\n\n\n\n<p>1-2 Tage vor der Geburt\u00a0schwellen die<strong>\u00a0Milchleisten\u00a0<\/strong>stark an. Die B\u00e4nder im Beckenbereich erschlaffen, so dass die Katze an den Flanken wie eingefallen wirkt.<br><br>Auch werden viele Katzen vor der Geburt\u00a0unruhig. Besitzer, die eine sehr starke Bindung zu Ihrem Tier haben, werden von der Katze regelrecht aufgefordert, ihr bei der\u00a0<strong>Geburt beizustehen.<\/strong> Am besten setzen Sie sich neben die Wurfkiste und leisten Ihrer Katze Gesellschaft.<br><br>Um die Katze nicht zu beunruhigen, sollten bei der Geburt\u00a0keine anderen Katzen<strong>,<\/strong>\u00a0sondern nur vertraute Personen anwesend sein. Greifen Sie nie ohne Grund in den Geburtsvorgang ein! Normalerweise machen Katzen instinktiv alles selbst.<\/p>\n\n\n\n<p><strong>3. Ablauf der Geburt<\/strong><\/p>\n\n\n\n<p>Die erste Phase der Geburt bezeichnet man als\u00a0Vorbereitungs- oder \u00d6ffnungsphase.\u00a0Sie kann\u00a0mehrere Stunden\u00a0dauern. Die Katze leckt ihren After und Vagina um den Geburtsweg zu weiten und gleitf\u00e4hig zu machen. Der Geb\u00e4rmutterhals \u00f6ffnet sich, und die Wehen dr\u00fccken die Kitten in den Geburtskanal. Die ersten angedeuteten Wehen gehen bald \u00fcber in deutlichere Kontraktionen der Hinterleibsmuskeln.<br>W\u00e4hrend dieser Zeit ist die Katze h\u00e4ufig unruhig und Atmet schneller.<\/p>\n\n\n\n<p>Das zweite Stadium der Geburt ist die so genannte\u00a0Austreibungsphase. Der Druck, den der Welpe auf das Scheidendach der K\u00e4tzin aus\u00fcbt, l\u00f6st die Bauchpresse aus. Darunter versteht man die gut sichtbaren\u00a0Kontraktionen der Bauchmuskulatur.\u00a0Diese Bewegungen transportieren das Katzenbaby im Geburtsweg schnell vorw\u00e4rts. Zun\u00e4chst tritt eine\u00a0dunkle Fl\u00fcssigkeit\u00a0aus. Es handelt sich um den Inhalt der ersten Fruchtblase, die das Kitten umgibt. Bald darauf wird die gr\u00e4uliche\u00a0Fruchtblase<strong>\u00a0<\/strong>sichtbar, in der das K\u00e4tzchen zu erkennen ist. Jetzt vergeht nur noch eine kurze Zeit und das erste Kitten ist geboren.<br>Beim Austritt des ersten Kitten kann die Katze gro\u00dfe Schmerzen haben und\u00a0maunzen.<strong> <\/strong><\/p>\n\n\n\n<p><br>Anschlie\u00dfend folgt die dritte Phase der Geburt, das so genannte\u00a0Nachgeburtsstadium. Jedes Kitten ist von einer\u00a0Plazenta<strong>\u00a0<\/strong>umgeben, die in der Regel sofort nach seiner Geburt ausgeschieden wird. Die Mutter wird die<strong>\u00a0<\/strong>Nachgeburt fressen, diese ist ein\u00a0Energielieferant\u00a0und enth\u00e4lt viele Vitamine. Sofort nach der Geburt entfernt die K\u00e4tzin die Fruchth\u00fclle und durchbei\u00dft die Nabelschnur. Dann\u00a0s\u00e4ubert<strong>\u00a0<\/strong>sie ihr Kitten und entfernt das Fruchtwasser von Maul und Nase. Das Lecken der Katze wirkt oft sehr ruppig, ist aber lebensnotwendig, weil es die Atemreflexe des Kitten stimuliert. Schon bald suchen die Neugeborenen die\u00a0Zitzen<strong>\u00a0<\/strong>der Mutter und beginnen zu\u00a0<strong>saugen.<\/strong> Die Aufnahme dieser ersten\u00a0Muttermilch\u00a0(Kolostrum) ist sehr wichtig, denn durch sie erh\u00e4lt das Kitten alle Abwehrk\u00f6rper und Schutzstoffe. Die enthaltenen Stoffe kann das Kitten nur in den ersten Stunden nach der Geburt aufnehmen. Deshalb ist es so wichtig, dass die Neugeborenen m\u00f6glichst fr\u00fch beginnen zu saugen.<\/p>\n\n\n\n<p><strong>4. Wann Sie eingreifen sollten<\/strong><\/p>\n\n\n\n<p>Nicht selten machen Katzen zwischen den einzelnen K\u00e4tzchen Pausen von einigen Stunden. Solange die Katze ruhig ist, einen zufriedenen Eindruck macht, schnurrt und sich um die bereits geborenen K\u00e4tzchen k\u00fcmmert, besteht kein Grund zur Besorgnis.<br>Meist bringt die K\u00e4tzin Ihre Kitten ohne Hilfe zur Welt.<br>In folgenden F\u00e4llen ist jedoch Ihre oder\u00a0<strong>Tier\u00e4rztliche Hilfe erforderlich<\/strong>:<br><\/p>\n\n\n\n<ul class=\"wp-block-list\">\n<li>\u00d6ffnet die Katze nicht gleich die\u00a0Fruchth\u00fclle, m\u00fcssen Sie es tun, damit das Kitten atmen kann. \u00d6ffnen Sie die Fruchth\u00fclle am K\u00f6pfchen, befreien Sie das K\u00f6pfchen vom Schleim und rubbeln das Kleine mit einem K\u00fcchentuch trocken<\/li>\n\n\n\n<li>Nabelt die Mutter die Kitten nicht ab, schneiden Sie die\u00a0Nabelschnur\u00a0\u00a0durch<\/li>\n\n\n\n<li>Wenn nach\u00a0zweist\u00fcndigem Pressen noch immer kein Kitten geboren ist, dann blockieren m\u00f6glicherweise zwei Kitten gleichzeitig den\u00a0Geburtskanal. Hier muss ein\u00a0Tierarzt<strong>\u00a0<\/strong>weiterhelfen.<\/li>\n\n\n\n<li>Wenn die austretenden<strong>\u00a0<\/strong>Fruchtw\u00e4sser<strong>\u00a0<\/strong>sehr \u00fcbel\u00a0riechen\u00a0und\u00a0Starke Blutungen<strong>\u00a0<\/strong>auftreten, dann\u00a0Tierarzt<strong>\u00a0<\/strong>aufsuchen.<\/li>\n\n\n\n<li>Wenn die Katze ihre Kitten nach der Geburt\u00a0nicht ausreichend versorgt, dann rubbeln Sie es kr\u00e4ftig mit einem K\u00fcchentuch ab, um die Atmung anzuregen<strong>.<\/strong><\/li>\n\n\n\n<li>Kommt ein Kitten in\u00a0Stei\u00dflage\u00a0(Hinterteil, Schw\u00e4nzchen und ein Beinchen sind bereits drau\u00dfen) und die Katze hat Schwierigkeiten beim Austreiben, k\u00f6nnen Sie vorsichtig durch leichtes ziehen helfen. Ziehen Sie nur w\u00e4hrend einer Wehe.<\/li>\n\n\n\n<li>Bei der\u00a0Eklampsie<strong>\u00a0<\/strong>handelt es sich um einen\u00a0Kalziummangel, in der Zeit um die Geburt herum. Bei gro\u00dfen W\u00fcrfen k\u00f6nnen Muskelkr\u00e4mpfe auftreten. Kalziumampullen vor und nach der Geburt k\u00f6nnen dieser Krankheit vorbeugen. Tritt sie auf, reicht die orale Verabreichung nicht mehr aus<\/li>\n<\/ul>\n\n\n\n<p><strong>5. Nach der Geburt<\/strong><\/p>\n\n\n\n<p>Wenn die Geburt abgeschlossen ist, ist die Mutter ersch\u00f6pft, liegt aber schnurrend in der Wurfkiste, dann ist eine kleine\u00a0St\u00e4rkung\u00a0f\u00fcr die Katze gut. Am besten Kittenfutter und Babymilk.<br>Danach werden die\u00a0T\u00fccher in der Wurfkiste gegen saubere ausgetauscht.<br><br>Wiegen<strong>\u00a0<\/strong>Sie die Kleinen und\u00a0bestimmen\u00a0Sie das\u00a0Geschlecht und legen es ein Halsb\u00e4ndchen an zur Unterscheidung. Machen Sie sich eine\u00a0Wiegeliste<strong>\u00a0<\/strong>und wiegen Sie die Kleinen t\u00e4glich zur gleichen Zeit. So k\u00f6nnen Sie feststellen, ob alles in Ordnung ist. Die Kleinen sollten\u00a0t\u00e4glich\u00a0zwischen\u00a010 und 20 g zunehmen.<br><br>Nimmt ein K\u00e4tzchen ohne ersichtlichen Grund ab, kontrollieren Sie das M\u00e4ulchen, eine\u00a0Gaumenspalte\u00a0k\u00f6nnte die Ursache sein. Ein solches K\u00e4tzchen ist leider nicht lebensf\u00e4hig. Eine andere Ursache kann\u00a0Fruchtwasser\u00a0sein, das bei der Geburt in die\u00a0Lunge<strong>\u00a0<\/strong>gelangt ist. Es entsteht eine Lungenentz\u00fcndung und beim Atmen sieht man deutlich, wie das K\u00e4tzchen nach Luft schnappt, damit dann unbedingt zum Tierarzt. Dieser wird versuchen es abzusaugen und evtl ist ein Antibiotikum notwendig.<br><br>Zun\u00e4chst tut sich dann bei den kleinen sehr wenig: Schlafen, Trinken, Trinken, Schlafen, vielleicht ein bisschen Raufen. Sollte ein Jungtier etwas trinkfaul sein, muss man es immer wieder an die Zitze ansetzen und\u00a0zum Trinken anhalten<strong>.<\/strong> Bei gro\u00dfen W\u00fcrfen kann es Notwendig sein das sie zuf\u00fcttern m\u00fcssen mit Kittenmilch.<br><br>Auch die Katzenmutter muss w\u00e4hrend der ersten Tage nach der Geburt gut beobachtet werden. St\u00e4rkere Blutungen etwa, erh\u00f6hte Temperatur, apathisches Verhalten sind Alarmzeichen, die eventuell auf eine\u00a0Geb\u00e4rmutterentz\u00fcndung<strong>\u00a0<\/strong>hindeuten. Ein eventueller<strong>\u00a0<\/strong>Milchstau<strong>\u00a0<\/strong>kann, rechtzeitig entdeckt, meist durch Massieren oder K\u00fchlen gelindert werden. Auf regelm\u00e4\u00dfigen\u00a0Stuhlgang achten. H\u00e4ufig sind Katzen nach einer Geburt verstopft. Die Pflege des Nachwuchses regelt die Katzenmutter\u00a0selbst\u00e4ndig. Es ist nicht ungew\u00f6hnlich, dass die Katze zun\u00e4chst sehr hilflos vor der Bescherung steht, nicht bei den Kitten liegen bleibt, ihren Menschen in heller Aufregung folgt, sobald sie den Raum verlassen. Man muss Geduld haben &#8211; innerhalb weniger Tage ist sie in ihre neue Rolle hineingewachsen und wird sich ihrem Nachwuchs hingebungsvoll widmen.<\/p>\n\n\n\n<p><strong>6. F\u00fctterung<\/strong><\/p>\n\n\n\n<p>W\u00e4hrend der\u00a0S\u00e4ugezeit\u00a0werden der K\u00e4tzin H\u00f6chstleistungen abverlangt. Je nach Wurfgr\u00f6\u00dfe steigt der\u00a0Energiebedarf um das 4-fache\u00a0an. Sie ben\u00f6tigen alle Energie f\u00fcr die Milchbildung, magern sehr stark ab und ihr Fell wirkt stumpf und unansehnlich. Bei gro\u00dfen W\u00fcrfen sollten Sie Ihrer Katze\u00a0Futter zur freien Verf\u00fcgung\u00a0anbieten. So hat sie Gelegenheit, Ihren Energiebedarf ausreichend zu decken und befindet sich trotz ihrer Anstrengungen in gesunder, vitaler Verfassung.<br><br>Sie k\u00f6nnen den Kleinen ab der\u00a05.Woche feste Nahrung\u00a0anbieten.\u00a0Bleiben Sie anfangs bei der gleichen Sorte, umso weniger Probleme werden Sie mit Durchfall haben. Bew\u00e4hrt hat sich, eingeweichtes Trockenfutter anzubieten, damit gibt es am wenigsten Probleme mit Durchfall.<\/p>\n\n\n\n<p><strong>7. Verlassen der Wurfkiste<\/strong><\/p>\n\n\n\n<p>mehrere\u00a0Katzenklos\u00a0mit\u00a0niedrigem Rand\u00a0sollte ab dem Zeitpunkt bereit stehen, wenn die Kleinen die Wurfkiste verlassen. K\u00e4tzchen wollen instinktiv ihr Gesch\u00e4ft verscharren, sie werden sehr schnell sauber. Trotzdem passiert es manchmal das die Kleinen im Spiel vergessen wo das Klo steht oder der Weg zu weit ist. Daher bietet es sich an ein\u00a0Kittengehege<strong>\u00a0<\/strong>aufzustellen.<\/p>\n\n\n\n<p>Nach dem S\u00e4ugen der Mutter, die kleinen K\u00e4tzchen immer wieder in das Klo setzten, so lernen Sie wo sie Ihr Gesch\u00e4ft verrichten d\u00fcrfen. Die Kleinen lernen auch von Ihrer Mutter oder Ihren Geschwistern.<br><br>Wenn die Kleinen\u00a0stubenrein<strong>\u00a0<\/strong>sind, kann das Kittengehege entfernt werden und sie k\u00f6nnen in allen R\u00e4umen spielen. Man sollte\u00a0mehrere Klos\u00a0in den R\u00e4umen, in denen sich die Kleinen aufhalten aufstellen.<\/p>\n\n\n\n<p><strong>8. Geschlechtsbestimmung bei Kitten<\/strong> <\/p>\n\n\n\n<figure class=\"wp-block-image size-full is-resized\"><a href=\"https:\/\/ragdolls-rasephas.de\/wp-content\/uploads\/2024\/09\/image-4.png\"><img loading=\"lazy\" decoding=\"async\" width=\"442\" height=\"523\" src=\"https:\/\/ragdolls-rasephas.de\/wp-content\/uploads\/2024\/09\/image-4.png\" alt=\"\" class=\"wp-image-1144\" style=\"width:206px;height:auto\" srcset=\"https:\/\/ragdolls-rasephas.de\/wp-content\/uploads\/2024\/09\/image-4.png 442w, https:\/\/ragdolls-rasephas.de\/wp-content\/uploads\/2024\/09\/image-4-254x300.png 254w\" sizes=\"auto, (max-width: 442px) 100vw, 442px\" \/><\/a><figcaption class=\"wp-element-caption\">weibliches Kitten<\/figcaption><\/figure>\n\n\n\n<figure class=\"wp-block-image size-full is-resized\"><a href=\"https:\/\/ragdolls-rasephas.de\/wp-content\/uploads\/2024\/09\/image-5.png\"><img loading=\"lazy\" decoding=\"async\" width=\"336\" height=\"506\" src=\"https:\/\/ragdolls-rasephas.de\/wp-content\/uploads\/2024\/09\/image-5.png\" alt=\"\" class=\"wp-image-1145\" style=\"width:193px;height:auto\" srcset=\"https:\/\/ragdolls-rasephas.de\/wp-content\/uploads\/2024\/09\/image-5.png 336w, https:\/\/ragdolls-rasephas.de\/wp-content\/uploads\/2024\/09\/image-5-199x300.png 199w\" sizes=\"auto, (max-width: 336px) 100vw, 336px\" \/><\/a><figcaption class=\"wp-element-caption\">weibliches Kitten<\/figcaption><\/figure>\n\n\n\n<figure class=\"wp-block-image size-full is-resized\"><a href=\"https:\/\/ragdolls-rasephas.de\/wp-content\/uploads\/2024\/09\/image-6.png\"><img loading=\"lazy\" decoding=\"async\" width=\"416\" height=\"442\" src=\"https:\/\/ragdolls-rasephas.de\/wp-content\/uploads\/2024\/09\/image-6.png\" alt=\"\" class=\"wp-image-1146\" style=\"width:213px;height:auto\" srcset=\"https:\/\/ragdolls-rasephas.de\/wp-content\/uploads\/2024\/09\/image-6.png 416w, https:\/\/ragdolls-rasephas.de\/wp-content\/uploads\/2024\/09\/image-6-282x300.png 282w\" sizes=\"auto, (max-width: 416px) 100vw, 416px\" \/><\/a><figcaption class=\"wp-element-caption\">m\u00e4nnliches Kitten<\/figcaption><\/figure>\n\n\n\n<figure class=\"wp-block-image size-full is-resized\"><a href=\"https:\/\/ragdolls-rasephas.de\/wp-content\/uploads\/2024\/09\/image-7.png\"><img loading=\"lazy\" decoding=\"async\" width=\"336\" height=\"444\" src=\"https:\/\/ragdolls-rasephas.de\/wp-content\/uploads\/2024\/09\/image-7.png\" alt=\"\" class=\"wp-image-1147\" style=\"width:225px;height:auto\" srcset=\"https:\/\/ragdolls-rasephas.de\/wp-content\/uploads\/2024\/09\/image-7.png 336w, https:\/\/ragdolls-rasephas.de\/wp-content\/uploads\/2024\/09\/image-7-227x300.png 227w\" sizes=\"auto, (max-width: 336px) 100vw, 336px\" \/><\/a><figcaption class=\"wp-element-caption\">m\u00e4nnliches Kitten<\/figcaption><\/figure>\n\n\n\n<p>Hier k\u00f6nnen Sie Bilder der Genitalien von Kitten sehen, um den Unterschied zwischen &#8218;m\u00e4nnlich&#8216; und &#8218;weiblich&#8216; zu erkennen.<br> Man kann sehr deutlich erkennen, dass das Weibchen einen kahlen Streifen zwischen ihren Genital\u00f6ffnungen hat , w\u00e4hrend das M\u00e4nnchen schon Fell an dieser Stelle hat. Bei der K\u00e4tzin ist der Abstand zwischen den Genital\u00f6ffnung geringer als beim Kater.<\/p>\n\n\n\n<p><\/p>\n","protected":false},"excerpt":{"rendered":"<p>1. Tr\u00e4chtigkeit Feststellung der Tr\u00e4chtigkeit: Ca. 3-4 Wochen nach der Verpaarung beginnen die Zitzen sich rosa zu f\u00e4rben. Zitze bei fortgeschrittener Tr\u00e4chtigkeit. Wichtig ist die\u00a0ausgewogene und hochwertige Ern\u00e4hrung\u00a0(am besten Aufzuchtnahrung). Dies ist die beste Voraussetzung f\u00fcr eine problemlose Geburt und die Entwicklung gesunder Katzenwelpen. Die\u00a0gewohnte Bewegung\u00a0tut der Katze weiterhin gut. Sie sollte einerseits nicht zu [&hellip;]<\/p>\n","protected":false},"author":2,"featured_media":0,"parent":0,"menu_order":0,"comment_status":"closed","ping_status":"closed","template":"","meta":{"footnotes":""},"class_list":["post-1140","page","type-page","status-publish","hentry"],"_links":{"self":[{"href":"https:\/\/ragdolls-rasephas.de\/index.php?rest_route=\/wp\/v2\/pages\/1140","targetHints":{"allow":["GET"]}}],"collection":[{"href":"https:\/\/ragdolls-rasephas.de\/index.php?rest_route=\/wp\/v2\/pages"}],"about":[{"href":"https:\/\/ragdolls-rasephas.de\/index.php?rest_route=\/wp\/v2\/types\/page"}],"author":[{"embeddable":true,"href":"https:\/\/ragdolls-rasephas.de\/index.php?rest_route=\/wp\/v2\/users\/2"}],"replies":[{"embeddable":true,"href":"https:\/\/ragdolls-rasephas.de\/index.php?rest_route=%2Fwp%2Fv2%2Fcomments&post=1140"}],"version-history":[{"count":2,"href":"https:\/\/ragdolls-rasephas.de\/index.php?rest_route=\/wp\/v2\/pages\/1140\/revisions"}],"predecessor-version":[{"id":1149,"href":"https:\/\/ragdolls-rasephas.de\/index.php?rest_route=\/wp\/v2\/pages\/1140\/revisions\/1149"}],"wp:attachment":[{"href":"https:\/\/ragdolls-rasephas.de\/index.php?rest_route=%2Fwp%2Fv2%2Fmedia&parent=1140"}],"curies":[{"name":"wp","href":"https:\/\/api.w.org\/{rel}","templated":true}]}}