{"id":1151,"date":"2024-09-10T11:39:50","date_gmt":"2024-09-10T09:39:50","guid":{"rendered":"https:\/\/ragdolls-rasephas.de\/?page_id=1151"},"modified":"2024-09-10T11:39:50","modified_gmt":"2024-09-10T09:39:50","slug":"ernaehrung","status":"publish","type":"page","link":"https:\/\/ragdolls-rasephas.de\/?page_id=1151","title":{"rendered":"Ern\u00e4hrung"},"content":{"rendered":"\n<p>Hier m\u00f6chte ich etwas \u00fcber die\u00a0richtige Ern\u00e4hrung\u00a0der Katzen erz\u00e4hlen.<br>Einige schw\u00f6ren nur auf das F\u00fcttern von Trockenfutter, manche geben<br>nur Nassfutter. Ich finde eine gute Mischung aus beiden ist das Richtige.<br>In der\u00a0Natur fressen Katzen rohes Fleisch, welchem Nassfutter am n\u00e4chsten kommt, aber\u00a0Trockenfutter reinigt die Z\u00e4hne\u00a0was auch wichtig ist.<br>Bei Trockenfutter muss immer auch gen\u00fcgend Wasser bereitstehen, sonst besteht die Gefahr, dass die Katze Nierensteine bekommt.<\/p>\n\n\n\n<p><strong><u>\u00dcber gesunde Ern\u00e4hrung Allgemein<\/u><\/strong><\/p>\n\n\n\n<p>Die Ern\u00e4hrung einer Katze ist eine Wissenschaft f\u00fcr sich. So hat jeder Tierliebhaber seine eigene Meinung und vertritt diese auch. Jeder hat f\u00fcr seine Art zu f\u00fcttern die besten Argumente.<br>Aber fast alle sind sich einig:<br><strong>Futter\u00a0mit 4% Fleischanteil kann nicht gesund sein<\/strong>!<br><br><strong>Schauen wir uns so ein Etikett einmal an:<\/strong><br>Da steht z.B.: Fleisch und tierische Nebenerzeugnisse (jeweils mind. 4% Lamm und Rind), pflanzliche Nebenerzeugnisse und Mineralstoffe. Das hei\u00dft also es sind mindestens 4% Lamm- und Rindfleisch drin. Was soll ein reiner Fleischfresser mit 4% Fleisch?<br>Was sind die anderen 96%? Und was sind &#8222;tierische Nebenerzeugnisse&#8220;?<br><br>Pflanzliche Nebenerzeugnisse:\u00a0z.B. Pressr\u00fcckst\u00e4nde aus der \u00d6lherstellung, Cellulose (Erdnussschalen und auch Stroh), R\u00fcckst\u00e4nde von Getreide sowie von Futterpflanzen<br><br>Pflanzliche Stoffe werden von Katzen kaum bis gar\u00a0<strong>nicht verwertet,<\/strong>\u00a0sind deshalb also als billiger F\u00fcllstoff zu verstehen, der das Futter nach \u201cmehr\u201d aussehen l\u00e4sst.<br><br>Tierische Nebenerzeugnisse:\u00a0z.B. Haut, Federn, Hufe, Schn\u00e4bel, Knochen, H\u00fchnerf\u00fc\u00dfe, Blut und auch Urin, Wolle, H\u00fchnerk\u00f6pfe, Krallen.<br><br>Die\u00a0Qualit\u00e4t<strong>\u00a0<\/strong>des verwendeten Fleisches ist\u00a0nicht sehr hoch, weil das f\u00fcr den Hersteller zu teuer w\u00e4re. Die &#8222;4% Lamm, Rind&#8220; bedeuten, dass von diesen Abf\u00e4llen 4% vom\u00a0entsprechendem\u00a0Tier stammen.<br>Nicht sehr appetitlich und auch nicht sehr gesund!<br>Da nicht alle\u00a0Schlachtabf\u00e4lle<strong>\u00a0<\/strong>bei der Verarbeitung ganz frisch sind, finden sich auch die verschiedensten\u00a0Schimmelpilze<strong>\u00a0<\/strong>in den Dosen. Damit die Tiere das noch fressen, werden Abfallfette, Geschmacks- und Konservierungsstoffe und auch\u00a0Zucker zugesetzt.<br><br>Zucker:\u00a0Das Wort Zucker wird von der Industrie gerne vermieden. Stattdessen liest man: Karamell, Dextrose (Traubenzucker), Farin (mit Sirup gef\u00e4rbter Zucker), Fructose (Fruchtzucker), Glukose (Traubenzucker), Invertzucker (Gemisch aus Glucose und Fructose), Lactose (Milchzucker), Maltose (Malzzucker) oder Saccharose (Haushaltszucker, R\u00fcben- oder Rohrzucker<br><br>Zucker braucht keine Katze! Zucker\u00a0sch\u00e4digt<strong>\u00a0<\/strong>nachweislich den Organismus der Katze und verursacht<strong>\u00a0<\/strong>Zahn- und manchmal auch\u00a0Bauspeicheldr\u00fcsenprobleme. Zudem f\u00f6rdert er die Vermehrung von Pilzen im Darm, was dazu f\u00fchrt, dass die<strong>\u00a0<\/strong>Darmflora<strong>\u00a0<\/strong>aus dem Gleichgewicht kommt.<br><br>\u00d6le und Fette:\u00a0fast immer\u00a0Abfall<strong>,<\/strong> oft aus Tierk\u00f6rperbeseitigungsanlagen aber auch altes Frittierfett.<br>Hochwertiges Fett wird genau angegeben, z.B. H\u00fchnerfett, Gefl\u00fcgelfett<br><br>Pflanzliche Eiwei\u00dfextrakte:\u00a0minderwertiges und billiges Eiwei\u00df,\u00a0belastet<strong>\u00a0<\/strong>die inneren\u00a0Organe. Meist Soja (Soja ist aber ein h\u00e4ufiger\u00a0Allergieausl\u00f6ser)<br><br>Katzen ben\u00f6tigen diese Stoffe nicht. Ihr Darm ist viel zu kurz, um die langkettigen Kohlenhydrate vollst\u00e4ndig aufzuschlie\u00dfen. Das gro\u00dfe Problem bei der Sache ist, dass Katzen diese pflanzlichen Eiwei\u00dfe, z.B. aus Soja, nicht komplett verdauen k\u00f6nnen! Wird dem K\u00f6rper der Katze pflanzliches Material zugef\u00fchrt, muss es dieser als \u201eSonderm\u00fcll\u201c verarbeiten, wobei lebenswichtige Organe wie Niere und Leber \u00fcberm\u00e4\u00dfig strapaziert werden.<br><br>Getreide:\u00a0Mais, Gerste, Hafer, Weizen, Soja, Reis<br>(Getreide sind oft\u00a0<strong>Allergieausl\u00f6ser<\/strong>)<\/p>\n\n\n\n<p><\/p>\n\n\n\n<p><strong><u><br>Woran erkennt man hochwertiges Futter?<\/u><\/strong><br>Gutes Katzenfutter sollte:<br><br>&#8211;\u00a0 zu\u00a0<strong>60% aus Fleischanteilen<\/strong>\u00a0bestehen und\u00a0keine Nebenerzeugnisse\u00a0<br><strong>\u00a0\u00a0\u00a0<\/strong>sowie\u00a0alle notwenigen Vitamine und Mineralstoffe enthalten.<br><br>&#8211;\u00a0\u00a0unn\u00f6tig\u00a0sind\u00a0Zucker,\u00a0F\u00fcllstoffe\u00a0und Allergieausl\u00f6sende Substanzen<br>\u00a0\u00a0\u00a0\u00a0\u00a0wie\u00a0Weizen\u00a0oder\u00a0Soja.<br><br>&#8211;\u00a0 Als Erg\u00e4nzung bietet sich\u00a0rohes Fleisch\u00a0an \u201cNatur pur\u201d z.B. Rindergulasch\/<br>\u00a0\u00a0\u00a0\u00a0\u00a0Gefl\u00fcgel,\u00a0Innereien wie Leber oder Herzen.<br><br>Z.B.: Bei den\u00a0billig\u00a0Produkten erf\u00e4hrt man:<br>&#8211; Das\u00a0eine durchschnittlich gro\u00dfe Katze\u00a0von\u00a04 kg t\u00e4glich eine\u00a0<br>\u00a0 Dose mit 400g ben\u00f6tigt.<br>&#8211; Von einem hochwertigen Futter ben\u00f6tigt dieselbe Katze nur noch 200g.<br><br>Diese Differenz von 200g kommt durch die billigen F\u00fcllstoffe zustande. Die Verdaulichkeit\/Verwertbarkeit von\u00a0Billigfutter betr\u00e4gt ca. 20%,<br>die von Premiumfutter \u00fcber 80%.<br><br>Ein\u00a0hochwertiges Nassfutter\u00a0mag auf den ersten Blick teurer erscheinen. Allerdings ist der\u00a0Verbrauch geringer, ebenso verringern sich die Ausscheidungen, da es besser verwertet wird und letztlich ist die Katze ges\u00fcnder, was Tierarztkosten spart.<br>Somit ist es dann wieder g\u00fcnstiger als das herk\u00f6mmliche Futter.<br><\/p>\n\n\n\n<p><strong><u>N\u00e4hrstoffe und ihre Aufgaben<\/u><\/strong><\/p>\n\n\n\n<figure class=\"wp-block-table\"><table class=\"has-fixed-layout\"><tbody><tr><td>Eiwei\u00df (Proteine):<br>Kohlenhydrate:<br>Fette:<br>Eisen:<br>Wasser:<br>Rohprotein:<br>Rohfett:<br>Rohasche:<br>Rohfaser:<br>Vitamin A:<br>Vitamin E:<br>Vitamin D:&nbsp;<br>L-Carnitin:&nbsp;<br>Calcium:<br>Phosphor:<br>Magnesium:<br>Kupfer:<\/td><td>Wichtiger Bestandteil von Enzymen und&nbsp;Muskelgewebe,&nbsp;Energielieferant<br>Energielieferant<br>Bestandteil von Zellw\u00e4nden, Energielieferant<br>Bindet den Luftsauerstoff bei der Atmung<br>Wird beim Schwitzen verdunstet und wirkt daher&nbsp;temperaturregulierend<br>Muskulatur, Wachstum<br>Energie, Fell, Haut<br>Mineralstoffe<br>Regulierung der Verdauungszeit<br>Sehf\u00e4higkeit, Wachstum, Haut<br>Zellschutz<br>Helfer beim Knochenaufbau, Calcium u.Phosphor-Stoffwechsel<br>Gewichtsabnahme, Fettverbrennung<br>Knochen, Z\u00e4hne<br>Energie\u00fcbertragung, Knochenbau<br>Knochenbau, Energie\u00fcbertragung<br>Kollagen und Knochenbildung, Haut u. Fell<\/td><\/tr><\/tbody><\/table><\/figure>\n\n\n\n<p><strong><u><br>Meine Katze will aber nichts anderes als Billigfutter<\/u><\/strong><\/p>\n\n\n\n<p>Der Grund, warum Ihre Katze trotzdem das\u00a0Billigere Futter lieber mag, ist, dass die minderwertigen Zutaten mit\u00a0Geruchs- und Geschmacksstoffen\u00a0versetzt werden und au\u00dferdem jede Menge\u00a0Zucker\u00a0zugef\u00fchrt wird.<br>Daran gew\u00f6hnen sich die Katzen und werden regelrecht s\u00fcchtig danach. Deshalb lehnen sie hochwertiges Futter zun\u00e4chst oft ab, weil die\u00a0Suchtstoffe<strong>\u00a0<\/strong>darin fehlen.<\/p>\n\n\n\n<p><strong><u><br>Tipps zur Umstellung der Ern\u00e4hrung<\/u><\/strong> <\/p>\n\n\n\n<p>Das Futter nicht von heute auf morgen umstellen, dass\u00a0neue Futter nach und nach unter das alte Futter mischen. Wahrscheinlich wird die Katze das neue Futter erst mal ablehnen und in den Hungerstreik treten. Ihr m\u00fcsst Geduld haben und Euch auch nicht von Eurer Katze erweichen lassen. Hier gilt das Motto \u201cEs ist noch keine Katze vor einem vollen Napf verhungert.\u201d<br><br>Wundert Euch nicht wenn die Katze erst einmal Durchfall bekommt, das bedeutet nicht dass sie das Futter nicht vertr\u00e4gt, Magen und Darm m\u00fcssen sich von Getreide auf Fleisch umstellen.<br><br>Gute Ern\u00e4hrung ist bei Mensch, wie Tier immer eine\u00a0vern\u00fcnftige Investition\u00a0in die Gesundheit und spart sp\u00e4ter oft eine ganze Menge Geld beim Arzt.<\/p>\n","protected":false},"excerpt":{"rendered":"<p>Hier m\u00f6chte ich etwas \u00fcber die\u00a0richtige Ern\u00e4hrung\u00a0der Katzen erz\u00e4hlen.Einige schw\u00f6ren nur auf das F\u00fcttern von Trockenfutter, manche gebennur Nassfutter. Ich finde eine gute Mischung aus beiden ist das Richtige.In der\u00a0Natur fressen Katzen rohes Fleisch, welchem Nassfutter am n\u00e4chsten kommt, aber\u00a0Trockenfutter reinigt die Z\u00e4hne\u00a0was auch wichtig ist.Bei Trockenfutter muss immer auch gen\u00fcgend Wasser bereitstehen, sonst besteht [&hellip;]<\/p>\n","protected":false},"author":2,"featured_media":0,"parent":0,"menu_order":0,"comment_status":"closed","ping_status":"closed","template":"","meta":{"footnotes":""},"class_list":["post-1151","page","type-page","status-publish","hentry"],"_links":{"self":[{"href":"https:\/\/ragdolls-rasephas.de\/index.php?rest_route=\/wp\/v2\/pages\/1151","targetHints":{"allow":["GET"]}}],"collection":[{"href":"https:\/\/ragdolls-rasephas.de\/index.php?rest_route=\/wp\/v2\/pages"}],"about":[{"href":"https:\/\/ragdolls-rasephas.de\/index.php?rest_route=\/wp\/v2\/types\/page"}],"author":[{"embeddable":true,"href":"https:\/\/ragdolls-rasephas.de\/index.php?rest_route=\/wp\/v2\/users\/2"}],"replies":[{"embeddable":true,"href":"https:\/\/ragdolls-rasephas.de\/index.php?rest_route=%2Fwp%2Fv2%2Fcomments&post=1151"}],"version-history":[{"count":2,"href":"https:\/\/ragdolls-rasephas.de\/index.php?rest_route=\/wp\/v2\/pages\/1151\/revisions"}],"predecessor-version":[{"id":1153,"href":"https:\/\/ragdolls-rasephas.de\/index.php?rest_route=\/wp\/v2\/pages\/1151\/revisions\/1153"}],"wp:attachment":[{"href":"https:\/\/ragdolls-rasephas.de\/index.php?rest_route=%2Fwp%2Fv2%2Fmedia&parent=1151"}],"curies":[{"name":"wp","href":"https:\/\/api.w.org\/{rel}","templated":true}]}}