{"id":1156,"date":"2024-09-10T12:08:19","date_gmt":"2024-09-10T10:08:19","guid":{"rendered":"https:\/\/ragdolls-rasephas.de\/?page_id=1156"},"modified":"2024-09-10T12:08:19","modified_gmt":"2024-09-10T10:08:19","slug":"katzenkrankheiten","status":"publish","type":"page","link":"https:\/\/ragdolls-rasephas.de\/?page_id=1156","title":{"rendered":"Katzenkrankheiten"},"content":{"rendered":"\n<p><strong>Auf dieser Seite m\u00f6chten wir Ihnen die wichtigsten<br>Katzenkrankheiten vorstellen:<\/strong><\/p>\n\n\n\n<p><a href=\"https:\/\/ragdoll-muenchen.weebly.com\/katzenkrankheiten.html#1\"><strong>FIP (= Bauchfellentz\u00fcndung)<\/strong><\/a><\/p>\n\n\n\n<p><a href=\"https:\/\/ragdoll-muenchen.weebly.com\/katzenkrankheiten.html#2\"><strong>FIV (= Katzen-AIDS)<\/strong><\/a><\/p>\n\n\n\n<p><a href=\"https:\/\/ragdoll-muenchen.weebly.com\/katzenkrankheiten.html#8\"><strong>FeLV (= Leukose)<\/strong><\/a><\/p>\n\n\n\n<p><a href=\"https:\/\/ragdoll-muenchen.weebly.com\/katzenkrankheiten.html#3\"><strong>HCM (= Herzerkrankung)<\/strong><\/a><\/p>\n\n\n\n<p><a href=\"https:\/\/ragdoll-muenchen.weebly.com\/katzenkrankheiten.html#4\"><strong>PKD (= Nierenerkrankung)<\/strong><\/a><\/p>\n\n\n\n<p><a href=\"https:\/\/ragdoll-muenchen.weebly.com\/katzenkrankheiten.html#5\"><strong>Katzenschnupfen<\/strong><\/a><\/p>\n\n\n\n<p><a href=\"https:\/\/ragdoll-muenchen.weebly.com\/katzenkrankheiten.html#6\"><strong>Katzenseuche<\/strong><\/a><\/p>\n\n\n\n<p><a href=\"https:\/\/ragdoll-muenchen.weebly.com\/katzenkrankheiten.html#7\"><strong>Tollwut<\/strong><\/a><\/p>\n\n\n\n<p><a>FIP<\/a><\/p>\n\n\n\n<p>(<strong>F<\/strong>eline\u00a0<strong>I<\/strong>nfekti\u00f6se\u00a0<strong>P<\/strong>eritonitis &#8211; Bauchfellentz\u00fcndung)<br>&#8211; Virus: Familie der Coronaviren<br>&#8211;\u00a0Mutierte Coronaviren<br>&#8211;\u00a0Trockene und feuchte Form<br>&#8211;\u00a0trockene Form<strong>\u00a0<\/strong>kann man eine\u00a0Zeit lang behandeln<br>&#8211;\u00a0feucht Form\u00a0f\u00fchrt in\u00a0kurzer Zeit zum Tod<br>&#8211; Ist\u00a0nicht Heilbar und nicht Vorbeugsam<br>&#8211; eine der schlimmsten Katzenkrankheiten<br><br>Eigentlich ist es Harmlos, denn\u00a04 von 5 Katzen erkranken an Coronaviren, und\u00a0bekommen Durchfall oder Schupfen. Doch manchmal kann es auch aus noch nicht erkl\u00e4rbaren Gr\u00fcnden passieren, dass die\u00a0Coronaviren mutieren\u00a0und es\u00a0zur Feline Infekti\u00f6se Peritonitis\u00a0kommt. Eine Theorie\u00a0ist, dass eine K\u00e4tzin  Junge bekommt, und alle K\u00e4tzchen eines Wurfs sind kurz nach der Geburt durch die\u00a0Immunabwehr<strong>\u00a0<\/strong>ihrer Mutter gesch\u00fctzt. Nach 4 bis 5 Wochen l\u00e4sst dieser Schutz nach. Zu diesem Zeitpunkt infizieren sich die K\u00e4tzchen bei ihrer Mutter oder einer anderen Katze mit dem\u00a0Coronavirus<strong>\u00a0<\/strong>(80- fast 100% aller Katzen hatten schon einmal Kontakt mit dem Virus). Viele \u00fcberstehen diese\u00a0Infektion ohne<strong> <\/strong>Symptome, einige sind etwas verschnupft, andere haben\u00a0etwas Durchfall. Die eigene Immunabwehr des K\u00e4tzchens beginnt das Virus zu bek\u00e4mpfen. In der ersten Kampfphase haben die K\u00e4tzchen recht hohe so genannte Virus-Titer. Verl\u00e4uft der Kampf erfolgreich, sinkt der Virustiter mit der Zeit. Doch das\u00a0Immunsystem t\u00f6tet nicht alle Coronaviren\u00a0ab. Es kann die\u00a0Viren nur in Schach halten, d.h. es bewirkt, dass sich die\u00a0Viren nicht weiter vermehren. Damit kann die Katze gut leben \u2013 <strong>sie ist nicht krank<\/strong> und muss es auch nicht werden. Wenn das\u00a0Immunsystem versagt\u00a0\u00a0k\u00f6nnen\u00a0die Coronaviren<strong>\u00a0<\/strong>(aus nicht bekannten Gr\u00fcnden)<strong>\u00a0<\/strong>zum sogenannten FIP mutieren.<\/p>\n\n\n\n<figure class=\"wp-block-image size-full is-resized\"><a href=\"https:\/\/ragdolls-rasephas.de\/wp-content\/uploads\/2024\/09\/image-8.png\"><img loading=\"lazy\" decoding=\"async\" width=\"408\" height=\"408\" src=\"https:\/\/ragdolls-rasephas.de\/wp-content\/uploads\/2024\/09\/image-8.png\" alt=\"\" class=\"wp-image-1157\" style=\"width:278px;height:auto\" srcset=\"https:\/\/ragdolls-rasephas.de\/wp-content\/uploads\/2024\/09\/image-8.png 408w, https:\/\/ragdolls-rasephas.de\/wp-content\/uploads\/2024\/09\/image-8-300x300.png 300w, https:\/\/ragdolls-rasephas.de\/wp-content\/uploads\/2024\/09\/image-8-150x150.png 150w\" sizes=\"auto, (max-width: 408px) 100vw, 408px\" \/><\/a><\/figure>\n\n\n\n<p><strong>Coronavirus&nbsp;<\/strong>\u00a9 fotoliaxrender &#8211; Fotolia.com<\/p>\n\n\n\n<p><a>FIV<\/a><\/p>\n\n\n\n<p>(<strong>F<\/strong>eliner\u00a0<strong>I<\/strong>mmundefiziens\u00a0<strong>V<\/strong>irus &#8211; &#8222;Katzenaids&#8220;)<br>&#8211; Virus:\u00a0Feliner Immundefiziensvirus<strong> (<\/strong>sch\u00e4tzungsweise Mutation des Leukosevirus)<br>&#8211; vergleichbar mit dem Menschlichen\u00a0<strong>HIV<\/strong><br>&#8211; ist\u00a0<strong>nicht\u00a0<\/strong>auf dem Menschen\u00a0<strong>\u00fcbertragbar<\/strong><br>&#8211; verl\u00e4uft langezeit symptomlos<br><br>Bei der Felinen Immunschw\u00e4che Virusinfektion (FIV,\u00a0Katzen-Aids) wird das\u00a0Immunsystem\u00a0der Katze\u00a0geschw\u00e4cht<strong>.<\/strong> Es kann sich nicht mehr ausreichend gegen weitere Erreger wie Bakterien oder Pilze wehren.\u00a0\u00c4hnlich<strong>\u00a0<\/strong>wie bei einer\u00a0HIV-Infektion beim Menschen,\u00a0k\u00f6nnen die Katzen mit FIV bereits mehrere Jahre mit dem Virus infiziert sein, ohne dass die Krankheit (Aids bzw. Katzen-Aids) ausbricht.<br><br>Ist das\u00a0Endstadium\u00a0der Felinen Immunschw\u00e4che Virusinfektion jedoch erst einmal erreicht, so\u00a0sterben die Katzen\u00a0in der Regel an der Erkrankung. F\u00fcr den Menschen scheint FIV ungef\u00e4hrlich zu sein.<br><br>Die Feline Immunschw\u00e4che Virusinfektion (FIV, Katzen-Aids) wird durch das\u00a0Immundefizienz-Virus ausgel\u00f6st.\u00a0Dieses \u2013 dem menschlichen HI-Virus (HIV) sehr \u00e4hnliche Virus \u2013 f\u00fchrt zu einer Immunschw\u00e4che bei Katzen und in Folge zu relativ unspezifischen Symptomen.<br><br>Am h\u00e4ufigsten wird FIV\u00a0durch Bisse \u00fcbertragen, die sexuelle Ansteckung spielt bei Katzen eine eher untergeordnete Rolle. Unkastrierte und streunende Kater sind besonders gef\u00e4hrdet, sich mit Katzen-Aids anzustecken.<br><br>Die Feline Immunschw\u00e4che Virusinfektion (FIV, Katzen-Aids) l\u00e4sst sich in mehrere Stadien unterteilen. Etwa vier Wochen nach der Infektion sind leichte\u00a0Symptome wie Fieber, Mattigkeit und Durchfall\u00a0bei der Katze m\u00f6glich. In der anschlie\u00dfenden Tr\u00e4gerphase ist die Katze zwar ansteckend, weist aber keine sichtbaren Symptome auf. Diese Phase kann bis zu mehreren Jahren andauern. Sp\u00e4ter leiden betroffene Katzen zum Beispiel an\u00a0Entz\u00fcndungen im Maul\u00a0(z.B. Zahnfleisch-Entz\u00fcndungen, Maulschleimhaut-Entz\u00fcndungen),\u00a0Fieber, Appetitverlust\u00a0und\/ oder an\u00a0Ver\u00e4nderungen der Lymphknoten,\u00a0Gewichtverlust\u00a0ist auch eine Folge.<br><br>Im\u00a0Endstadium<strong>\u00a0<\/strong>der Felinen Immunschw\u00e4che Virusinfektion k\u00f6nnen sich au\u00dferdem\u00a0Tumoren<strong>\u00a0<\/strong>bei der Katze bilden oder begleitende\u00a0Infektionen\u00a0(z.B. Lungenentz\u00fcndung (Pneumonie) bei der Katze) auftreten, die von dem geschw\u00e4chten Immunsystem nicht mehr abgewehrt werden k\u00f6nnen. Auch neurologische Symptome wie\u00a0Bewegungsst\u00f6rungen<strong>\u00a0<\/strong>sind m\u00f6glich. Vielfach verschlechtert sich das Blutbild. Hat die\u00a0finale Phase\u00a0der FIV eingesetzt,\u00a0sterben die Katzen<strong>\u00a0<\/strong>in der Regel innerhalb eines Jahres.<\/p>\n\n\n\n<p><a>FeLV<\/a><\/p>\n\n\n\n<p>(<strong>Fe<\/strong>line\u00a0<strong>L<\/strong>eukose\u00a0<strong>V<\/strong>irus &#8211; Subtyp A des Virus\u00a0kann\u00a0zu Leukose f\u00fchren)<br>&#8211;\u00a0Leukose<strong>\u00a0<\/strong>ist ein Sammelbegriff f\u00fcr Tumoren der wei\u00dfen Blutzellen<br>&#8211; Virus:\u00a0Retrovirus<br>&#8211;\u00a0Impfung<strong>\u00a0<\/strong>ab der 8. Lebenswoche<br>&#8211;\u00a0ist gerade in der Zucht sehr wichtig da sich die\u00a0Katzen gegenseitig anstecken<br><br>Bei der Katzenleukose handelt es sich um eine\u00a0Leuk\u00e4mie-Erkrankung<strong>\u00a0<\/strong>der Katze (Katzenleuk\u00e4mie).\u00a0Das\u00a0<strong>Feline Leuk\u00e4mievirus FeLV\u00a0<\/strong>kommt in<strong>\u00a04 Subtypen\u00a0<\/strong>vor<strong><br>(A, B, C und T), nur Subtyp A ist f\u00fcr die Entstehung der Erkrankung verantwortlich.<\/strong>\u00a0Diese schwerwiegende Erkrankung ist die bei Katzen am<strong>\u00a0<\/strong>h\u00e4ufigsten auftretende Infektionskrankheit<strong>,<\/strong>\u00a0obwohl der Feline Leuk\u00e4mievirus\u00a0durch W\u00e4rme\u00a0(bereits Zimmertemperatur) und\u00a0Trockenheit in wenigen Minuten seine Ansteckungsf\u00e4higkeit verliert.<br><br>Die Leukose muss nicht bereits zum Ausbruch gekommen sein, um auf gesunde Tiere durch Speichel oder Tr\u00e4nenfl\u00fcssigkeit, sowie durch infizierte Gegenst\u00e4nde \u00fcbertragen zu werden und zur Ansteckung zu f\u00fchren. Die\u00a0Inkubationszeit\u00a0(von der Ansteckung bis zum Krankheitsausbruch) kann\u00a0Monate oder Jahre\u00a0betragen, auch kann eine bereits erkrankte Katze noch Monate oder Jahre am leben bleiben.<br><br>FeLV-infizierte Katzen sollten aufgrund der\u00a0hohen Ansteckungsgefahr<strong>\u00a0<\/strong>unbedingt von gesunden Katzen getrennt werden. Am sichersten ist es, eine infizierte Katze aus dem Katzenhaushalt zu entfernen, sollten noch weitere, noch nicht angesteckte Katzen mit ihr zusammenleben. Nur so l\u00e4sst sich das Ansteckungsrisiko begrenzen.<br><br>Die\u00a0Symptome\u00a0der Katzenleuk\u00e4mie sind sehr vielf\u00e4ltig und reichen von\u00a0Blut im Kot, Appetitlosigkeit und Durchfall\u00a0\u00fcber\u00a0geschwollene Lymphknoten,\u00a0Atembeschwerden\u00a0und\u00a0starkem Durst<strong>\u00a0<\/strong>bis hin zur Entwicklung von b\u00f6sartigen Tumoren (<strong>Krebs<\/strong>) und einem ver\u00e4nderten Blut-Bild sowie der Schw\u00e4chung des k\u00f6rpereigenen Immunsystems der Katze.<br><br>Die Diagnose der Katzenleukose kann durch zwei verschiedene Bluttests gestellt werden &#8211; der\u00a0ELISA Test\u00a0(Enzyme Linked Immunosorbent Assay) und der\u00a0IFA Test<strong>.<\/strong>\u00a0Beide Bluttests erkennen, ob ein bestimmtes\u00a0Protein des felinen Leuk\u00e4mie-Virus\u00a0im Blut der infizierten Katze enthalten ist.<br><br>Es gibt es bis heute\u00a0<strong>keine M\u00f6glichkeit zur Heilung\u00a0<\/strong>einer FeLV-Infektion oder Erkrankung. Es wurden zwar bereits verschiedene\u00a0Chemotherapien<strong>\u00a0<\/strong>entwickelt, diese k\u00f6nnen jedoch &#8211; je nach Schwere der Infektion und je nach k\u00f6rperlicher Verfassung der erkrankten Katze &#8211; die Infektionserkrankung nur vor\u00fcbergehend stoppen bzw. lindern.<br><br>Zur\u00a0<strong>Vorbeugung der Ansteckung<\/strong>\u00a0durch den Felinen Leuk\u00e4mievirus gibt es verschiedene\u00a0<strong>Impfungen<\/strong>. Junge Katzen (Kitten) sollten im Kittenalter 2x gegen FeLV geimpft werden &#8211; im Alter zwischen der 9. und 10. Lebenswoche, wobei die zweite Impfung etwa 3- 4. Wochen nach der ersten erfolgen sollte. Erwachsene Katzen sollten jedes Jahr neu gegen Katzenleukose geimpft werden.<\/p>\n\n\n\n<p><\/p>\n\n\n\n<figure class=\"wp-block-image size-full is-resized\"><a href=\"https:\/\/ragdolls-rasephas.de\/wp-content\/uploads\/2024\/09\/image-9.png\"><img loading=\"lazy\" decoding=\"async\" width=\"372\" height=\"372\" src=\"https:\/\/ragdolls-rasephas.de\/wp-content\/uploads\/2024\/09\/image-9.png\" alt=\"\" class=\"wp-image-1158\" style=\"width:236px;height:auto\" srcset=\"https:\/\/ragdolls-rasephas.de\/wp-content\/uploads\/2024\/09\/image-9.png 372w, https:\/\/ragdolls-rasephas.de\/wp-content\/uploads\/2024\/09\/image-9-300x300.png 300w, https:\/\/ragdolls-rasephas.de\/wp-content\/uploads\/2024\/09\/image-9-150x150.png 150w\" sizes=\"auto, (max-width: 372px) 100vw, 372px\" \/><\/a><\/figure>\n\n\n\n<p><strong>Retrovirus&nbsp;<\/strong>\u00a9 fotoliaxrender &#8211; Fotolia.com<\/p>\n\n\n\n<p><a>HCM<\/a><\/p>\n\n\n\n<p>(Herzerkrankung)<br>&#8211;\u00a0Verdickung des Herzmuskels<br>&#8211; Wird teilweise\u00a0Vererbt<br>&#8211; Kommt oft bei gro\u00dfen Katzen vor<br><br>Die HCM ist eine\u00a0erworbene Herzerkrankung, das hei\u00dft, dass sie sich im Laufe des Katzenlebens entwickelt. Man geht davon aus, dass eine\u00a0genetische\u00a0(vererbte)\u00a0Grundlage\u00a0besteht<strong>,<\/strong> bei manchen Katzenrassen konnte dies bereits nachgewiesen werden. Verschiedene andere Einfl\u00fcsse k\u00f6nnen die Auspr\u00e4gung der HCM beeinflussen. Zur so genannten \u201esekund\u00e4ren HCM\u201c kommt es, wenn andere, nicht prim\u00e4r das Herz betreffende Erkrankungen dazu f\u00fchren, dass sich der\u00a0Herzmuskel verdickt<strong>\u00a0<\/strong>(zu hoher Blutdruck, Schilddr\u00fcsen\u00fcberfunktion). Diese Erkrankungen sollten im Rahmen einer HCM-Diagnostik immer mit abgekl\u00e4rt werden.<br><br>Dennoch ist ein\u00a0Gentest nicht 100%\u00a0aussagekr\u00e4ftig. Deshalb sollten Katzen die f\u00fcr diese Krankheit empf\u00e4nglich sind regelm\u00e4\u00dfig geschallt werden. Bei HCM ist das Problem das\u00a076 Gene f\u00fcr die Entstehung<strong>\u00a0<\/strong>von HCM verantwortlich sind, und\u00a0nur 6 nachweisbar\u00a0sind. Eine Erkrankung mit HCM kann man relativ gut im Anfangsstadium therapieren was aber l\u00e4ngerfristig zum pl\u00f6tzlichen\u00a0Tod durch Herzstillstand<strong>\u00a0<\/strong>f\u00fchren wird. Deshalb wird heute in der Zucht vermehrt\u00a0<strong>HCM Test\u00a0<\/strong>gemacht um das Risiko zu mindern.<\/p>\n\n\n\n<figure class=\"wp-block-image size-full is-resized\"><a href=\"https:\/\/ragdolls-rasephas.de\/wp-content\/uploads\/2024\/09\/image-10.png\"><img loading=\"lazy\" decoding=\"async\" width=\"613\" height=\"514\" src=\"https:\/\/ragdolls-rasephas.de\/wp-content\/uploads\/2024\/09\/image-10.png\" alt=\"\" class=\"wp-image-1160\" style=\"width:341px;height:auto\" srcset=\"https:\/\/ragdolls-rasephas.de\/wp-content\/uploads\/2024\/09\/image-10.png 613w, https:\/\/ragdolls-rasephas.de\/wp-content\/uploads\/2024\/09\/image-10-300x252.png 300w\" sizes=\"auto, (max-width: 613px) 100vw, 613px\" \/><\/a><\/figure>\n\n\n\n<p><strong>HCM&nbsp;<\/strong>\u00a9 bilderzwerg &#8211; Fotolia.com<\/p>\n\n\n\n<p><a>PKD<\/a><\/p>\n\n\n\n<p>(Nierenerkrankung)\u00a0<br>&#8211;\u00a0Vererbbar<br>&#8211;\u00a0Gentest<br>&#8211; Nach \u00a7 11b des Tierschutzgesetzes gilt PKD Zucht als Qualzucht.<br><br>Die Polycystic Kidney Disease im deutschen Polyzystische Nierenerkrankung ist eine\u00a0vererbte Erkrankung der Nieren.\u00a0Die Haupts\u00e4chlich bei Perserkatzen Auftritt. die Erkrankung zeigt sich in mit\u00a0Urin gef\u00fcllten\u00a0einen Millimeter bis mehrerer Zentimeter<strong>\u00a0<\/strong>gro\u00dfen Bl\u00e4schen<strong>,<\/strong>\u00a0die sowohl von den proximalen als auch Nierentubuli ausgehen k\u00f6nnen und sowohl in der Nierenrinde als auch im Nierenmark auftreten. Klinische Symptome treten zumeist erst im Sp\u00e4tstadium der Erkrankung auf, wenn gro\u00dfe Bereiche des Nierengewebes betroffen sind. Die\u00a0Vergr\u00f6\u00dferung der Niere\u00a0l\u00e4sst sich dann unter Umst\u00e4nden bereits ertasten und die Tiere entwickeln allm\u00e4hlich Anzeichen eines\u00a0Nierenversagens<strong>\u00a0<\/strong>mit\u00a0herabgesetztem Appetit,\u00a0vermehrten\u00a0Durst, vermehrtem\u00a0Harnabsatz<strong>\u00a0<\/strong>und\u00a0Gewichtsverlust.<br><br>Eine\u00a0<strong>Therapie\u00a0<\/strong>der Krankheit ist leider\u00a0<strong>nicht m\u00f6glich<\/strong>\u00a0es kann lediglich eine symptomatische Therapie zur Minderung der Krankheitserscheinung durchgef\u00fchrt werden. Die Bek\u00e4mpfung richtet sich auf das fr\u00fchzeitige erkennen der erkrankten Tiere und den Ausschluss positiver Tiere aus der Zucht.\u00a0Mit der Verpaarung zwischen einer Polyzystisch-heterozygoten Katze mit einer PKD freien Katze ist es m\u00f6glich PKD freien Nachwuchs zu z\u00fcchten. Da aus solch einer Verpaarung aber auch Tiere mit PKD fallen k\u00f6nnen, ist \u00a0sie nach \u00a711b des deutschen Tierschutzgesetzes nicht erlaubt. Sie wird im Gutachten zum Verbot von Qualz\u00fcchtungen unter weitere Mongolen vererbte einzeldefekte und\u00a0Erkrankungs-Qualz\u00fcchtung\u00a0eingestuft.<\/p>\n\n\n\n<p><a>Katzenschnupfen<\/a><\/p>\n\n\n\n<p>&#8211; Virus:\u00a0<strong>Herpes-,Calici-oder Reovirus<\/strong>; aber auch Mycoplasmen und Chlamydien<br>\u00a0 (Zwischenformen zwischen Viren und Bakterien)<br>&#8211; Kann\u00a0<strong>chronisch\u00a0<\/strong>werden<br>&#8211; Vor allem Katzenkitten k\u00f6nnen davon t\u00f6dlich befallen werden<br>&#8211;\u00a0<strong>Impfung\u00a0<\/strong>in der 8. Lebenswoche<br>&#8211; Wiederholung in der 12. Lebenswoche.<br><br>Katzenschupfen ist eine Sammelbezeichnung f\u00fcr ansteckende\u00a0Erkrankung der Atemwege und der Schleimh\u00e4ute<strong>\u00a0<\/strong>des Kopfes bei Katzen. Synonym verwendet werden die Bezeichnungen infekti\u00f6se Katzenrhinitis, Katzenpneumonitis, cat flu und Rhinotracheitis infekti\u00f6se felix.<br><br>Es handelt sich hierbei um einen Symptomkomplex, der durch\u00a0unterschiedliche Erreger\u00a0hervorgerufen wird, und\u00a0Nase, Maulh\u00f6hle und Augen betrifft. Beteiligte Erreger sind verschiedene\u00a0Viren\u00a0(Herpes und Caliciviren) und\u00a0Bakterien\u00a0(Chlamydien, Bordetellen und Mykoplasmen). Da die Erreger sich gegenseitig beg\u00fcnstigen und damit parallel auftreten k\u00f6nnen und Behandlung und Bek\u00e4mpfung dieser Erkrankung etliche Gemeinsamkeiten aufweisen, ist diese Sammelbezeichnung dennoch berechtigt. Eine Therapie erfolgt symptomatisch und zieht auf Vermeidung bakterieller sekund\u00e4rinfektion (Antibiotika).<br><br>Bei der Verabreichung der Medikamente ist immer zu beachten das es f\u00fcr\u00a0 Kitten nicht gut f\u00fcr die Entwicklung ist, wenn es im alter von wenigen Wochen mit Antibiotika therapiert wird, deshalb ist immer zu empfehlen die Kleinen in der\u00a08. Woche zu impfen.\u00a0Bis dahin haben sie eine Grund Immunisierung durch die Mutter (wenn diese geimpft ist). Diese\u00a0Impfung\u00a0sollte dann\u00a0in der 12.\u00a0 Woche wiederholt\u00a0werden. Die Impfung J\u00e4hrlich auffrischen.<\/p>\n\n\n\n<p><a>Katzenseuche<\/a><\/p>\n\n\n\n<p>(Feline Parvovirose\/Panleukopenie)<br>\u00a0&#8211; Virus:\u00a0<strong>Parvovirus<\/strong><br>\u00a0&#8211; tritt\u00a0<strong>bei allen Katzenarten<\/strong>\u00a0auf, auch bei Waschb\u00e4ren<br>\u00a0&#8211; Bekannt auch unter Staupe oder Katzen Pest<br>\u00a0&#8211;\u00a0<strong>Impfung\u00a0<\/strong>ab der 8. Woche bei Kitten<br><br>Der Erreger ist ein\u00a0Virus\u00a0aus der Gattung der Parvovirus.<br>Die Krankheit ist eng verwandt mit der Pavovirose des Hundes und der infekti\u00f6sen Panleukopenie der Marderartigen.\u00a0Bei Menschen<strong>\u00a0<\/strong>kann das Verwandte, aber wesentlich weniger gef\u00e4hrliche\u00a0Parvovirus B19 Erkrankungen ausl\u00f6sen.<br><br>Der Erreger ist gegen\u00fcber Umwelteinfl\u00fcssen sehr unempfindlich. Bei\u00a0Raumtemperatur bleibt er \u00fcber ein Jahr infekti\u00f6s,\u00a0die meisten handels\u00fcblichen Desinfektionsmittel Verm\u00f6gen ihn nicht zu inaktivieren. Zu den gegen den Virus wirksamen Substanzen z\u00e4hlen Natriumphypochlorit Formaldehyd und Glutaraldehyd.<br><br>Die Symptome k\u00f6nnen sehr variabel ausgepr\u00e4gt sein. Einige Tieren k\u00f6nnen sogar ohne vorherige Krankheitszeichen sterben (perakuter Verlauf).<br><br>Entsprechend den befallenen Organsysteme dominieren vor allem Symptome des Magen-Darm-Traktes und des Abwehrsystems. Neben dem Auftreten starker, oftmals\u00a0blutiger Durchf\u00e4lle<strong>\u00a0<\/strong>kommt es zu einer\u00a0starken Abnahme wei\u00dfer Blutk\u00f6rperchen<strong>\u00a0<\/strong>(Leukopenie) und damit einer\u00a0Verminderung\u00a0der\u00a0Abwehrf\u00e4higkeit<strong>\u00a0<\/strong>des erkrankten Organismus, der daher f\u00fcr bakterielle Sekund\u00e4rinfektionen besonders empf\u00e4nglich ist.<br><br>Neben diesen Symptomen zeigen die betroffenen Tiere h\u00e4ufig\u00a0Mattigkeit, Fressunlust, Dehydratation, Fieber, Nasenausfluss, Bindehautentz\u00fcndung und Erbrechen. Mit dem Kot werden gro\u00dfe Mengen hochinfekti\u00f6sen Erregermaterials ausgeschieden.<br>Pr\u00e4natale und perinatale Infektionen\u00a0f\u00fchren zu einer\u00a0Kleinhirn-Ataxie.<br><br>Wenn eine Katze erkrankt ist wird als erstes versucht, das Tier zu stabilisieren und seine Kr\u00e4fte durch eine\u00a0Dauertropfinfusion<strong>\u00a0<\/strong>wieder aufzubauen. Um das Abwehrsystem zu st\u00e4rken und die Bildung krankmachender Bakterien zu unterbinden, werden\u00a0Antibiotika<strong>\u00a0<\/strong>eingesetzt.<br><br>Damit Tiere von dieser lebensbedrohlichen Erkrankung verschont bleiben, sollten Katzenbesitzer ihre Tiere rechtzeitig impfen lassen. Die\u00a0<strong>Impfung\u00a0<\/strong>wird\u00a0<strong>bei 8- 9 Wochen alten Katzenkindern\u00a0<\/strong>vorgenommen und\u00a0<strong>nach einem Monat\u00a0<\/strong>noch einmal\u00a0<strong>aufgefrischt<\/strong>. Auch im weiteren Verlauf des Katzenlebens sind Auffrischungen n\u00f6tig, um eine Infektion zu verhindern.<\/p>\n\n\n\n<figure class=\"wp-block-image size-full is-resized\"><a href=\"https:\/\/ragdolls-rasephas.de\/wp-content\/uploads\/2024\/09\/image-11.png\"><img loading=\"lazy\" decoding=\"async\" width=\"416\" height=\"408\" src=\"https:\/\/ragdolls-rasephas.de\/wp-content\/uploads\/2024\/09\/image-11.png\" alt=\"\" class=\"wp-image-1161\" style=\"width:258px;height:auto\" srcset=\"https:\/\/ragdolls-rasephas.de\/wp-content\/uploads\/2024\/09\/image-11.png 416w, https:\/\/ragdolls-rasephas.de\/wp-content\/uploads\/2024\/09\/image-11-300x294.png 300w\" sizes=\"auto, (max-width: 416px) 100vw, 416px\" \/><\/a><\/figure>\n\n\n\n<p>\u00a9 Moonnoon &#8211; Fotolia.com<\/p>\n\n\n\n<p><a>Tollwut<\/a><\/p>\n\n\n\n<p>&#8211;\u00a0sehr gef\u00e4hrlich<br>&#8211;\u00a0<strong>\u00fcbertragbar\u00a0<\/strong>auf alle Tiere, auch Menschen<br>&#8211;\u00a0Impfung\u00a0m\u00f6glich und erforderlich bei Freig\u00e4ngern<br>&#8211; gilt in\u00a0<strong>Deutschland\u00a0<\/strong>als\u00a0<strong>ausgestorben<\/strong><br>&#8211; trotz Jahrtausender Bekanntheit gibt es<strong>\u00a0keine Therapie<\/strong><br><br>Die Tollwut ist eine seit Jahrtausenden bekannte\u00a0Virusinfektion, die bei Tieren und Menschen eine akute, fast immer<strong>\u00a0<\/strong>t\u00f6dliche\u00a0Enzephalitis (Gehirnentz\u00fcndung) verursacht. Fr\u00fcher benutzte man synonym auch die Bezeichnungen Hydrophobie bzw. Aquaphobie (\u201eWasserfurcht\u201c oder \u201eWasserscheu\u201c als typisches Symptom der Erkrankung).\u00a0Ausgel\u00f6st\u00a0wird die Krankheit\u00a0beim Menschen<strong>\u00a0<\/strong>meist durch das\u00a0Rabiesvirus.<br><br>Die meisten Arten warmbl\u00fctiger Tiere k\u00f6nnen von diesem Virus infiziert werden, unter Pflanzenfressern ist es jedoch selten. Das stereotypische Bild eines tollw\u00fctigen Tieres ist der aggressive Hund mit Schaum vor dem Maul. Aber auch Katzen, Frettchen, F\u00fcchse, Dachse, Waschb\u00e4ren, Stinktiere, W\u00f6lfe und die Fledertiere k\u00f6nnen tollw\u00fctig werden beziehungsweise die klassische Tollwut oder eine andere Form \u00fcbertragen.\u00a0Haupttr\u00e4ger des Virus sind M\u00e4use.\u00a0Haupt\u00fcbertr\u00e4ger<strong>\u00a0<\/strong>ist in den\u00a0europ\u00e4ischen L\u00e4ndern der<strong> <\/strong>Fuchs,<strong>\u00a0<\/strong>w\u00e4hrend beispielsweise in Indien streunende Hunde als Hauptinfektionsquelle gelten. Eichh\u00f6rnchen, andere Nagetiere und Kaninchen werden sehr selten angesteckt. V\u00f6gel bekommen sehr selten Tollwut, da ihre K\u00f6rpertemperatur h\u00f6her liegt als es f\u00fcr eine optimale Vermehrung des Virus notwendig ist. Tollwut kann sich auch in einer so genannten \u201eparalytischen\u201c Form zeigen, bei welcher sich das angesteckte Tier unnat\u00fcrlich ruhig und zur\u00fcckgezogen verh\u00e4lt.<br><br>Nach einer Sch\u00e4tzung der WHO sterben j\u00e4hrlich 55.000 Menschen an Tollwut, 99 % davon in Entwicklungsl\u00e4ndern in Asien (56 %) und Afrika (44 %). In Deutschland sind zwischen 1977 und 2000 f\u00fcnf F\u00e4lle von Tollwut registriert worden (in Europa 281), von denen drei ihren Ursprung im Ausland hatten. 40 % der Opfer von Tierbissen von mutma\u00dflich mit Tollwut infizierten Tieren sind Kinder und Jugendliche unter 15 Jahren. Mehr als 15 Millionen Menschen werden j\u00e4hrlich aufgrund des Verdachts, sich der Tollwut ausgesetzt zu haben, behandelt, wodurch sch\u00e4tzungsweise 327.000 durch Tollwut bedingte Todesf\u00e4lle verhindert werden.<br><br>Ohne vorherige\u00a0<strong>Impfung\u00a0<\/strong>oder entsprechende Ma\u00dfnahmen nach einer m\u00f6glichen Ansteckung (Postexpositionsprophylaxe) verl\u00e4uft die\u00a0<strong>Infektion\u00a0<\/strong>innerhalb von 15 bis 90 Tagen \u2013 von einzelnen Ausnahmen abgesehen\u00a0<strong>immer t\u00f6dlich<\/strong>.<\/p>\n","protected":false},"excerpt":{"rendered":"<p>Auf dieser Seite m\u00f6chten wir Ihnen die wichtigstenKatzenkrankheiten vorstellen: FIP (= Bauchfellentz\u00fcndung) FIV (= Katzen-AIDS) FeLV (= Leukose) HCM (= Herzerkrankung) PKD (= Nierenerkrankung) Katzenschnupfen Katzenseuche Tollwut FIP (Feline\u00a0Infekti\u00f6se\u00a0Peritonitis &#8211; Bauchfellentz\u00fcndung)&#8211; Virus: Familie der Coronaviren&#8211;\u00a0Mutierte Coronaviren&#8211;\u00a0Trockene und feuchte Form&#8211;\u00a0trockene Form\u00a0kann man eine\u00a0Zeit lang behandeln&#8211;\u00a0feucht Form\u00a0f\u00fchrt in\u00a0kurzer Zeit zum Tod&#8211; Ist\u00a0nicht Heilbar und nicht Vorbeugsam&#8211; eine [&hellip;]<\/p>\n","protected":false},"author":2,"featured_media":0,"parent":0,"menu_order":0,"comment_status":"closed","ping_status":"closed","template":"","meta":{"footnotes":""},"class_list":["post-1156","page","type-page","status-publish","hentry"],"_links":{"self":[{"href":"https:\/\/ragdolls-rasephas.de\/index.php?rest_route=\/wp\/v2\/pages\/1156","targetHints":{"allow":["GET"]}}],"collection":[{"href":"https:\/\/ragdolls-rasephas.de\/index.php?rest_route=\/wp\/v2\/pages"}],"about":[{"href":"https:\/\/ragdolls-rasephas.de\/index.php?rest_route=\/wp\/v2\/types\/page"}],"author":[{"embeddable":true,"href":"https:\/\/ragdolls-rasephas.de\/index.php?rest_route=\/wp\/v2\/users\/2"}],"replies":[{"embeddable":true,"href":"https:\/\/ragdolls-rasephas.de\/index.php?rest_route=%2Fwp%2Fv2%2Fcomments&post=1156"}],"version-history":[{"count":3,"href":"https:\/\/ragdolls-rasephas.de\/index.php?rest_route=\/wp\/v2\/pages\/1156\/revisions"}],"predecessor-version":[{"id":1163,"href":"https:\/\/ragdolls-rasephas.de\/index.php?rest_route=\/wp\/v2\/pages\/1156\/revisions\/1163"}],"wp:attachment":[{"href":"https:\/\/ragdolls-rasephas.de\/index.php?rest_route=%2Fwp%2Fv2%2Fmedia&parent=1156"}],"curies":[{"name":"wp","href":"https:\/\/api.w.org\/{rel}","templated":true}]}}