{"id":1165,"date":"2024-09-10T12:13:03","date_gmt":"2024-09-10T10:13:03","guid":{"rendered":"https:\/\/ragdolls-rasephas.de\/?page_id=1165"},"modified":"2024-09-10T17:23:00","modified_gmt":"2024-09-10T15:23:00","slug":"meine-futterliste-und-verwendetes-streu-und-empfehlungen","status":"publish","type":"page","link":"https:\/\/ragdolls-rasephas.de\/?page_id=1165","title":{"rendered":"Meine Futterliste und verwendetes Streu und Empfehlungen"},"content":{"rendered":"\n<p>Liste zum hier verabreichten Futter + k\u00fcnftige Futterempfehlung mit langsamer Gew\u00f6hnung der hier verwendeten Katzenstreu<\/p>\n\n\n\n<p><strong><u>Verabreichtes Nassfutter<\/u><\/strong>:<\/p>\n\n\n\n<ul class=\"wp-block-list\">\n<li>Feringa Classic Meat Men\u00fc<\/li>\n\n\n\n<li>Feringa rabbit &amp; turkey<\/li>\n\n\n\n<li>Catessy H\u00e4ppchen in Sauce oder Gelee Kalb &amp; Huhn<\/li>\n\n\n\n<li>Smilla Poultry pot<\/li>\n\n\n\n<li>Wild freedom chicken, chicken &amp; rabbit<\/li>\n\n\n\n<li>Sheba verschiedene Sorten in Sauce<\/li>\n<\/ul>\n\n\n\n<p>Erg\u00e4nzungsfutter \u2013 zus\u00e4tzliche Gabe von:<\/p>\n\n\n\n<ul class=\"wp-block-list\">\n<li><strong>Besonders begehrt sind&nbsp; gekochte H\u00fchnerfilets oder gekochtes H\u00fchnchen (insbesondere das wei\u00dfe Fleisch \u2013 ohne Gew\u00fcrze und nur mit Wasser gekocht)<\/strong><\/li>\n\n\n\n<li>Cosma Original und Cosma Asia Filets \u2014 Huhn mit Thunfisch, Huhn mit Lachs, reines Huhn In Jelly oder Pur, H\u00fchnchen &amp; Riesenbarsch, H\u00fchnchen &amp; Thunfisch mit K\u00e4se &nbsp;(Dosen und auch T\u00fcten) &#8211; Erg\u00e4nzungsfutter<\/li>\n\n\n\n<li>Miamor Filets Huhn und Thunfisch, Huhn und Gefl\u00fcgel oder Huhn und Lachs in Jelly oder pur &#8211; Erg\u00e4nzungsfutter (T\u00fcten)<\/li>\n\n\n\n<li>Rohfleisch ohne Zus\u00e4tze klein geschnitten nur Rind, Pute 1-2x in der Woche oder auch alle 14 Tage<\/li>\n\n\n\n<li>Almo Nature H\u00fchnerbrust<\/li>\n\n\n\n<li>Feline Porta 21 H\u00fchnerfleisch pur<\/li>\n\n\n\n<li>leicht gegartes oder rohes Rinderhackfleisch<\/li>\n\n\n\n<li>Thunfisch pur in Eigensaft<\/li>\n<\/ul>\n\n\n\n<p>&nbsp;<strong><u>Verabreichtes Trockenfutter:<\/u><\/strong><\/p>\n\n\n\n<ul class=\"wp-block-list\">\n<li>Purina Proplan Live clear kitten<\/li>\n\n\n\n<li>Royal Canin Kitten<\/li>\n\n\n\n<li>Royal Canin baby &amp; mothercat<\/li>\n<\/ul>\n\n\n\n<p><strong><u>Trinken:<\/u><\/strong><\/p>\n\n\n\n<p>Meine Katzen kennen nur einen Wasserbrunnen. Sie k\u00f6nnen aber auf Wassern\u00e4pfe langsam&nbsp; umgestellt werden<\/p>\n\n\n\n<p><strong><u>Empfehlung<\/u><\/strong><\/p>\n\n\n\n<p><strong><u>Paste zum Darmaufbau bei Umstellung Futter oder anderen Umstellungen oder nach Impfungen, Entwurmungen:<\/u><\/strong><\/p>\n\n\n\n<ul class=\"wp-block-list\">\n<li>Pro Kolin Paste (erh\u00e4ltlich Online-Apotheken oder auch bei Amazon \u2013 Gabe je nach Gewicht<\/li>\n\n\n\n<li>Evtl. auch sehr gut \u2013 Olimond BB \u2013 https:\\\\bbhorses.de\/Shop\/olimond-bb\/ f\u00fcr Katzen (war Empfehlung einer Z\u00fcchterin)<\/li>\n\n\n\n<li>Pulver auch \u00fcber Tierarzt m\u00f6glich (aber teurer)<\/li>\n<\/ul>\n\n\n\n<p>K\u00fcnftiges (gutes) Futter w\u00e4re unter Beachtung der Umstellung wie o. g.:<\/p>\n\n\n\n<p>&nbsp;&nbsp;&nbsp;&nbsp;&nbsp; Purizon Mix, Granata Pet Huhn, Applaws in Jelly, Mjamjam Huhn\/Gefl\u00fcgel\/Pute, Feline Porta 21<\/p>\n\n\n\n<p><strong><u>Katzenstreu &#8211; Mischung:<\/u><\/strong><\/p>\n\n\n\n<ul class=\"wp-block-list\">\n<li>Tigerino Nuggies, Babypuderduft oder Frischeduft oder<\/li>\n\n\n\n<li>Tiqerino Performance Zeolite Control Orichdeenduft oder<\/li>\n\n\n\n<li>Katzenstreu von Lidl oder \u00e4hnlichem<\/li>\n<\/ul>\n\n\n\n<p>Nach dem Einzug sollte unbedingt ihr gewohntes Futter verwendet werden.<\/p>\n\n\n\n<p>Erst nach vollst\u00e4ndiger Eingew\u00f6hnung kann eine Umstellung St\u00fcck f\u00fcr St\u00fcck erfolgen.<\/p>\n\n\n\n<p>Wird die eignen verwendete Katzenstreu bei bereits vorhandenen Katzen\/Katern von den Kitten akzeptiert, so kann nat\u00fcrlich die selbst verwendete Katzenstreu beibehalten werden.<\/p>\n\n\n\n<p><strong><u>Tipp f\u00fcr<\/u><\/strong> <strong><u>beliebtestes Spielzeug:<\/u><\/strong><\/p>\n\n\n\n<p>\u00d8&nbsp;&nbsp;&nbsp;&nbsp;&nbsp; Laserpointer f\u00fcr Katzen<\/p>\n\n\n\n<p>\u00d8 &nbsp;&nbsp;&nbsp;&nbsp; Katzenangeln jeglicher Art (Amazon, Bitiba \u2026.)<\/p>\n\n\n\n<p>\u00d8 &nbsp;&nbsp;&nbsp;&nbsp; kleine Filzb\u00e4lle, Pl\u00fcschb\u00e4lle und B\u00e4lle (mit Glocken innen sicher verwahrt Amazon \u2026.)<\/p>\n\n\n\n<p>\u00d8 &nbsp;&nbsp;&nbsp;&nbsp; bunte Katzenrohr-Katzenfedern (Amazon)<\/p>\n\n\n\n<ul class=\"wp-block-list\">\n<li>Bunte Kunststoffspiralen (Amazon)<\/li>\n\n\n\n<li>Kleine Pl\u00fcschm\u00e4use oder -tiere (Bitiba, Amazon \u2026)<\/li>\n\n\n\n<li>Katzentunnelsets (Bitiba)<\/li>\n\n\n\n<li>Catit 3 in 1 mit Ball und beweglicher Angel (von Lidl) empfehlenswert<\/li>\n<\/ul>\n\n\n\n<p>\u00d8 &nbsp;&nbsp;&nbsp;&nbsp; kleine Kissen oder Pl\u00fcschtiere (mit Katzenminze)<\/p>\n\n\n\n<p>\u00d8 &nbsp;&nbsp;&nbsp;&nbsp; auch Papier (kein Zeitungspapier wegen Druckerfarbe) zu einem Ball zusammengekn\u00fcllt<\/p>\n\n\n\n<p>\u00d8 &nbsp;&nbsp;&nbsp;&nbsp; leere Kartons, leere WC Rollen, leere Zewa Rollen<\/p>\n\n\n\n<p><strong><u>die kleine Apothekenvorr\u00e4te:<\/u><\/strong><\/p>\n\n\n\n<ul class=\"wp-block-list\">\n<li>Flohsamenschalen-Pulver (Amazon oder von online napfcheck (habe ich vorr\u00e4tig f\u00fcr evtl. mal auftretenden Durchfall)<\/li>\n\n\n\n<li>Octenisept \u2013 Wund-Desinfektions-Spray<\/li>\n\n\n\n<li>Traumeel-Salbe<\/li>\n\n\n\n<li>Bepanthen-Wundcreme<\/li>\n\n\n\n<li>W\u00e4rme- und K\u00fchlmatte<\/li>\n<\/ul>\n\n\n\n<p><strong><u>und sonstiges:<\/u><\/strong><\/p>\n\n\n\n<ul class=\"wp-block-list\">\n<li>Zauberkamm von Amazon f\u00fcr Fellpflege<\/li>\n\n\n\n<li>Haustier-Schermaschine Katze (leise) \u2013 f\u00fcr Notfall bei evtl. mal verfilzten Fellstellen (Amazon)<\/li>\n\n\n\n<li>Kleine Schere \u2013 m\u00f6glichst vorne abgerundet oder kleine Nagelschere<\/li>\n\n\n\n<li>Flohkamm und feine Staubk\u00e4mme oder \u00e4hnliches (vorr\u00e4tig f\u00fcr Bedarfsfall)<\/li>\n\n\n\n<li>Redero Hunde-\/Katzenkamm<\/li>\n\n\n\n<li>Tierhaarb\u00fcrste (f\u00fcr Bedarf)<\/li>\n<\/ul>\n\n\n\n<p><\/p>\n","protected":false},"excerpt":{"rendered":"<p>Liste zum hier verabreichten Futter + k\u00fcnftige Futterempfehlung mit langsamer Gew\u00f6hnung der hier verwendeten Katzenstreu Verabreichtes Nassfutter: Erg\u00e4nzungsfutter \u2013 zus\u00e4tzliche Gabe von: &nbsp;Verabreichtes Trockenfutter: Trinken: Meine Katzen kennen nur einen Wasserbrunnen. Sie k\u00f6nnen aber auf Wassern\u00e4pfe langsam&nbsp; umgestellt werden Empfehlung Paste zum Darmaufbau bei Umstellung Futter oder anderen Umstellungen oder nach Impfungen, Entwurmungen: K\u00fcnftiges (gutes) [&hellip;]<\/p>\n","protected":false},"author":2,"featured_media":0,"parent":0,"menu_order":0,"comment_status":"closed","ping_status":"closed","template":"","meta":{"footnotes":""},"class_list":["post-1165","page","type-page","status-publish","hentry"],"_links":{"self":[{"href":"https:\/\/ragdolls-rasephas.de\/index.php?rest_route=\/wp\/v2\/pages\/1165","targetHints":{"allow":["GET"]}}],"collection":[{"href":"https:\/\/ragdolls-rasephas.de\/index.php?rest_route=\/wp\/v2\/pages"}],"about":[{"href":"https:\/\/ragdolls-rasephas.de\/index.php?rest_route=\/wp\/v2\/types\/page"}],"author":[{"embeddable":true,"href":"https:\/\/ragdolls-rasephas.de\/index.php?rest_route=\/wp\/v2\/users\/2"}],"replies":[{"embeddable":true,"href":"https:\/\/ragdolls-rasephas.de\/index.php?rest_route=%2Fwp%2Fv2%2Fcomments&post=1165"}],"version-history":[{"count":3,"href":"https:\/\/ragdolls-rasephas.de\/index.php?rest_route=\/wp\/v2\/pages\/1165\/revisions"}],"predecessor-version":[{"id":1173,"href":"https:\/\/ragdolls-rasephas.de\/index.php?rest_route=\/wp\/v2\/pages\/1165\/revisions\/1173"}],"wp:attachment":[{"href":"https:\/\/ragdolls-rasephas.de\/index.php?rest_route=%2Fwp%2Fv2%2Fmedia&parent=1165"}],"curies":[{"name":"wp","href":"https:\/\/api.w.org\/{rel}","templated":true}]}}