{"id":1168,"date":"2024-09-10T12:59:10","date_gmt":"2024-09-10T10:59:10","guid":{"rendered":"https:\/\/ragdolls-rasephas.de\/?page_id=1168"},"modified":"2024-09-10T12:59:10","modified_gmt":"2024-09-10T10:59:10","slug":"preisfrage","status":"publish","type":"page","link":"https:\/\/ragdolls-rasephas.de\/?page_id=1168","title":{"rendered":"Preisfrage"},"content":{"rendered":"\n<p>Immer wieder bekomme ich mit das Leute anrufen, und\u00a0<strong>nach dem Preis fragen.<\/strong>\u00a0Wenn Sie h\u00f6ren, so zwischen 1000,- (z.B. f\u00fcr Birma, Maine Coon, Norwegische Waldkatze) und 1400,- \u20ac (z.B. Bengal, Savannah) dann sagen Sie meist: &#8222;Ich rufe die Tage wieder an&#8220;.<br><br>Meistens h\u00f6rt man nichts mehr. Ich wunder mich immer warum die Leute denken, dass es f\u00fcr Hunde zwar normal ist 1500,-bis 2000,-\u20ac zu zahlen aber f\u00fcr Katzen hat das keiner \u00fcbrig.<br><br>Auch denken immer noch viele Leute, dass wenn Katzen Junge bekommen es ein \u201eUnfall war\u201c, um es mal aufzukl\u00e4ren, es ist sogar viel\u00a0schwerer Katzen zu z\u00fcchten<strong>\u00a0<\/strong>als Hunde. Auch ist es gerade bei den Point Katzen sehr schwierig\u00a0geeignete Zuchttiere zu finden, denn diese sind, man glaubt es kaum, sehr selten.<br><br>Bis die Rassekatzen soweit waren wie sie jetzt sind, war es ein\u00a0riesiges St\u00fcck Arbeit<strong>\u00a0<\/strong>und vor allem viel Geduld n\u00f6tig. Sicherlich wissen Sie das eine\u00a0Hauskatze<strong>,<\/strong> wenn sie mal Junge bekommt, diese\u00a0verschieden Aussehen\u00a0und Sie haben bestimmt schon oft gesehen das dort wei\u00dfe, braune, schwarze, ein rotes und ein getigertes K\u00e4tzchen dabei waren.<br><br>Die\u00a0<strong>Rassekatzen\u00a0<\/strong>sollen aber immer ein\u00a0<strong>gew\u00fcnschtes Aussehen<\/strong>\u00a0haben. Wie bei der Ragdoll in Mitted, Colour oder Bicolour erscheinen und dann die Farben, Seal, Blue, Chocolate und Lilac aufweisen. Es ist schon eine\u00a0Kunst der Evolution<strong>,<\/strong> denn alle Katzen egal ob Haus- oder Rassekatze hatten mal gemeinsame Vorfahren.<br><br>Es klingt etwas kompliziert, aber im Grunde ist es so, was wir jetzt an Katzenrassen haben, ist der\u00a0jahrelangen Z\u00fcchtung und Forschung<strong>\u00a0<\/strong>von Menschen zu verdanken. Aber noch wichtiger ist es diese Rassen zu erhalten, denn wie die\u00a0Evolution\u00a0nun mal ist,<strong>\u00a0<\/strong>ver\u00e4ndert sich jedes Lebewesen\u00a0\u00fcber die Jahre hinweg und passt sich neuen Lebensumst\u00e4nden an.<br><br>Deshalb ist es wichtig Rassen immer weiter zu z\u00fcchten und vor allem\u00a0keine Missbildungen zulassen<strong>\u00a0<\/strong>wie zum Beispiel die<strong>\u00a0<\/strong>kurze Nase des Persers\u00a0(sodass sie bald keine Luft mehr bekommen).<br><br>Im Gro\u00dfen und Ganzen will ich damit sagen, dass man sich mal dar\u00fcber Gedanken machen sollte, wie diese wunderbaren Tiere entstanden sind und\u00a0wie lange es gedauert hat<strong>\u00a0<\/strong>bis ein gesunder und h\u00fcbscher Nachwuchs entstand, der aber dennoch nicht die Eigenschaften die ihnen die Natur mit gab ablegen musste.<br><br>Deshalb ist es auch verst\u00e4ndlich, dass diese Tiere einen<br>besonderen Preis haben, der mehr als nur gerechtfertigt ist.<br><br><strong>Wie setzt sich der Preis pro Kitten nun eigentlich zusammen?<\/strong><br>\u00a0<br>Bis man \u00fcberhaupt anfangen kann zu Z\u00fcchten braucht man folgendes:<br>&#8211; Mitgliedschaft in einem Verein<br>&#8211; passende Zuchttiere (ca. 2300- 3800 Euro pro Zuchtkatze)<br>&#8211;\u00a0Gentests auf Erbkrankheiten aller Zuchttiere und Blutgruppen (PKD, HCM,\u00a0FeLV, FIV)\u00a0<br>\u00a0\u00a0\u00a0(ca. 200 Euro pro Zuchtkatze)<br>&#8211; Wurfkiste + Wurfgehege (ca. 200-300\u20ac)<br>&#8211; ausreichend hochwertige Kratzb\u00e4ume<br>&#8211; viele Katzentoiletten (f\u00fcr Kitten) (je nach Toilette 20- 80 Euro)<br>&#8211; Kuscheldecken + Katzenk\u00f6rbchen (ca. 50 Euro je Katzenk\u00f6rbchen)<br>&#8211; Katzenspielzeug<br>&#8211; Futter- und Wassern\u00e4pfe<br>&#8211; Waage zur Gewichtsbestimmung\u00a0(ca. 35 Euro)<br>&#8211; Aufzuchtszubeh\u00f6r\u00a0(ca. 100 Euro)<br><br>Hat man nun alles zusammen f\u00fcr die Zucht, braucht es bis die Kleinen<br>zur Abgabe bereit sind auch noch so einiges:<br>&#8211; Voruntersuchung der Mutterkatze (z.B. Ultraschall ca. 90 Euro)<br>&#8211; hochwertiges Kittenfutter<br>&#8211; sehr viel Katzenstreu<br>&#8211;\u00a0viel Reinigungsmittel<br>&#8211; Entwurmung (ca. 20 Euro)<br>&#8211; Impfungen (Katzenschnupfen + Katzenseuche) (ca. 100 Euro)<br>&#8211; Stammbaum (15- 25 Euro)<br>&#8211; Gesundheitszeugnis<br>&#8211; evtl. Microchip + EU-Heimtierpass (ca. 45 Euro)<br>&#8211; evtl. Tollwutimpfung (ca. 30- 50 Euro)<br>&#8211; Kitten Starterpaket (mit gewohntem Futter, f\u00fcr die ersten Tage<br>\u00a0 bei der neuen Familie)<\/p>\n","protected":false},"excerpt":{"rendered":"<p>Immer wieder bekomme ich mit das Leute anrufen, und\u00a0nach dem Preis fragen.\u00a0Wenn Sie h\u00f6ren, so zwischen 1000,- (z.B. f\u00fcr Birma, Maine Coon, Norwegische Waldkatze) und 1400,- \u20ac (z.B. Bengal, Savannah) dann sagen Sie meist: &#8222;Ich rufe die Tage wieder an&#8220;. Meistens h\u00f6rt man nichts mehr. Ich wunder mich immer warum die Leute denken, dass es [&hellip;]<\/p>\n","protected":false},"author":2,"featured_media":0,"parent":0,"menu_order":0,"comment_status":"closed","ping_status":"closed","template":"","meta":{"footnotes":""},"class_list":["post-1168","page","type-page","status-publish","hentry"],"_links":{"self":[{"href":"https:\/\/ragdolls-rasephas.de\/index.php?rest_route=\/wp\/v2\/pages\/1168","targetHints":{"allow":["GET"]}}],"collection":[{"href":"https:\/\/ragdolls-rasephas.de\/index.php?rest_route=\/wp\/v2\/pages"}],"about":[{"href":"https:\/\/ragdolls-rasephas.de\/index.php?rest_route=\/wp\/v2\/types\/page"}],"author":[{"embeddable":true,"href":"https:\/\/ragdolls-rasephas.de\/index.php?rest_route=\/wp\/v2\/users\/2"}],"replies":[{"embeddable":true,"href":"https:\/\/ragdolls-rasephas.de\/index.php?rest_route=%2Fwp%2Fv2%2Fcomments&post=1168"}],"version-history":[{"count":2,"href":"https:\/\/ragdolls-rasephas.de\/index.php?rest_route=\/wp\/v2\/pages\/1168\/revisions"}],"predecessor-version":[{"id":1170,"href":"https:\/\/ragdolls-rasephas.de\/index.php?rest_route=\/wp\/v2\/pages\/1168\/revisions\/1170"}],"wp:attachment":[{"href":"https:\/\/ragdolls-rasephas.de\/index.php?rest_route=%2Fwp%2Fv2%2Fmedia&parent=1168"}],"curies":[{"name":"wp","href":"https:\/\/api.w.org\/{rel}","templated":true}]}}