{"id":1177,"date":"2024-10-22T16:06:46","date_gmt":"2024-10-22T14:06:46","guid":{"rendered":"https:\/\/ragdolls-rasephas.de\/?page_id=1177"},"modified":"2026-03-06T20:44:39","modified_gmt":"2026-03-06T19:44:39","slug":"h-wurf-aktuell","status":"publish","type":"page","link":"https:\/\/ragdolls-rasephas.de\/?page_id=1177","title":{"rendered":"H- Wurf"},"content":{"rendered":"\n<p><strong>Purr4dreams Gioia<\/strong><\/p>\n\n\n\n<p><strong>und<\/strong><\/p>\n\n\n\n<p><strong>Leo von den Saaleteufeln sind am<\/strong><\/p>\n\n\n\n<p><strong>11.10.2024 Eltern geworden.<\/strong><\/p>\n\n\n\n<p><strong>Es sind old Englisch Kitten.<\/strong><\/p>\n\n\n\n<p><strong><br>Es sind ein M\u00e4dchen und zwei Junge.<\/strong><\/p>\n\n\n\n<figure class=\"wp-block-image size-large\"><a href=\"https:\/\/ragdolls-rasephas.de\/wp-content\/uploads\/2024\/10\/IMG_5216-scaled.jpeg\"><img loading=\"lazy\" decoding=\"async\" width=\"768\" height=\"1024\" src=\"https:\/\/ragdolls-rasephas.de\/wp-content\/uploads\/2024\/10\/IMG_5216-768x1024.jpeg\" alt=\"\" class=\"wp-image-1186\" srcset=\"https:\/\/ragdolls-rasephas.de\/wp-content\/uploads\/2024\/10\/IMG_5216-768x1024.jpeg 768w, https:\/\/ragdolls-rasephas.de\/wp-content\/uploads\/2024\/10\/IMG_5216-225x300.jpeg 225w, https:\/\/ragdolls-rasephas.de\/wp-content\/uploads\/2024\/10\/IMG_5216-1152x1536.jpeg 1152w, https:\/\/ragdolls-rasephas.de\/wp-content\/uploads\/2024\/10\/IMG_5216-1536x2048.jpeg 1536w, https:\/\/ragdolls-rasephas.de\/wp-content\/uploads\/2024\/10\/IMG_5216-scaled.jpeg 1920w\" sizes=\"auto, (max-width: 768px) 100vw, 768px\" \/><\/a><\/figure>\n\n\n\n<figure class=\"wp-block-table\"><table class=\"has-fixed-layout\"><tbody><tr><td><strong>Name<\/strong><\/td><td><strong>Geschlecht<\/strong><\/td><td><strong>Farbe<\/strong><\/td><td><strong>Status<\/strong><\/td><\/tr><tr><td>Hailey<\/td><td>weiblich<\/td><td>Seal colourpoint<\/td><td><strong>Ausgezogen<\/strong><\/td><\/tr><tr><td>Harry<\/td><td>m\u00e4nnlich<\/td><td>Seal colourpoint<\/td><td><strong>Ausgezogen<\/strong><\/td><\/tr><tr><td>Hanibal<\/td><td>m\u00e4nnlich<\/td><td>Blue colourpoint<\/td><td><strong>Ausgezogen<\/strong><\/td><\/tr><\/tbody><\/table><\/figure>\n\n\n\n<figure class=\"wp-block-gallery has-nested-images columns-default is-cropped wp-block-gallery-1 is-layout-flex wp-block-gallery-is-layout-flex\">\n<figure class=\"wp-block-image size-large\"><a href=\"https:\/\/ragdolls-rasephas.de\/wp-content\/uploads\/2025\/01\/IMG_6017-scaled.jpeg\"><img loading=\"lazy\" decoding=\"async\" width=\"768\" height=\"1024\" data-id=\"1201\" src=\"https:\/\/ragdolls-rasephas.de\/wp-content\/uploads\/2025\/01\/IMG_6017-768x1024.jpeg\" alt=\"\" class=\"wp-image-1201\" srcset=\"https:\/\/ragdolls-rasephas.de\/wp-content\/uploads\/2025\/01\/IMG_6017-768x1024.jpeg 768w, https:\/\/ragdolls-rasephas.de\/wp-content\/uploads\/2025\/01\/IMG_6017-225x300.jpeg 225w, https:\/\/ragdolls-rasephas.de\/wp-content\/uploads\/2025\/01\/IMG_6017-1152x1536.jpeg 1152w, https:\/\/ragdolls-rasephas.de\/wp-content\/uploads\/2025\/01\/IMG_6017-1536x2048.jpeg 1536w, https:\/\/ragdolls-rasephas.de\/wp-content\/uploads\/2025\/01\/IMG_6017-scaled.jpeg 1920w\" sizes=\"auto, (max-width: 768px) 100vw, 768px\" \/><\/a><\/figure>\n\n\n\n<figure class=\"wp-block-image size-large\"><a href=\"https:\/\/ragdolls-rasephas.de\/wp-content\/uploads\/2025\/01\/IMG_5992-scaled.jpeg\"><img loading=\"lazy\" decoding=\"async\" width=\"1024\" height=\"768\" data-id=\"1205\" src=\"https:\/\/ragdolls-rasephas.de\/wp-content\/uploads\/2025\/01\/IMG_5992-1024x768.jpeg\" alt=\"\" class=\"wp-image-1205\" srcset=\"https:\/\/ragdolls-rasephas.de\/wp-content\/uploads\/2025\/01\/IMG_5992-1024x768.jpeg 1024w, https:\/\/ragdolls-rasephas.de\/wp-content\/uploads\/2025\/01\/IMG_5992-300x225.jpeg 300w, https:\/\/ragdolls-rasephas.de\/wp-content\/uploads\/2025\/01\/IMG_5992-768x576.jpeg 768w, https:\/\/ragdolls-rasephas.de\/wp-content\/uploads\/2025\/01\/IMG_5992-1536x1152.jpeg 1536w, https:\/\/ragdolls-rasephas.de\/wp-content\/uploads\/2025\/01\/IMG_5992-2048x1536.jpeg 2048w\" sizes=\"auto, (max-width: 1024px) 100vw, 1024px\" \/><\/a><\/figure>\n\n\n\n<figure class=\"wp-block-image size-large\"><a href=\"https:\/\/ragdolls-rasephas.de\/wp-content\/uploads\/2025\/01\/IMG_5991-scaled.jpeg\"><img loading=\"lazy\" decoding=\"async\" width=\"768\" height=\"1024\" data-id=\"1204\" src=\"https:\/\/ragdolls-rasephas.de\/wp-content\/uploads\/2025\/01\/IMG_5991-768x1024.jpeg\" alt=\"\" class=\"wp-image-1204\" srcset=\"https:\/\/ragdolls-rasephas.de\/wp-content\/uploads\/2025\/01\/IMG_5991-768x1024.jpeg 768w, https:\/\/ragdolls-rasephas.de\/wp-content\/uploads\/2025\/01\/IMG_5991-225x300.jpeg 225w, https:\/\/ragdolls-rasephas.de\/wp-content\/uploads\/2025\/01\/IMG_5991-1152x1536.jpeg 1152w, https:\/\/ragdolls-rasephas.de\/wp-content\/uploads\/2025\/01\/IMG_5991-1536x2048.jpeg 1536w, https:\/\/ragdolls-rasephas.de\/wp-content\/uploads\/2025\/01\/IMG_5991-scaled.jpeg 1920w\" sizes=\"auto, (max-width: 768px) 100vw, 768px\" \/><\/a><\/figure>\n\n\n\n<figure class=\"wp-block-image size-large\"><a href=\"https:\/\/ragdolls-rasephas.de\/wp-content\/uploads\/2025\/01\/IMG_5849-scaled.jpeg\"><img loading=\"lazy\" decoding=\"async\" width=\"768\" height=\"1024\" data-id=\"1199\" src=\"https:\/\/ragdolls-rasephas.de\/wp-content\/uploads\/2025\/01\/IMG_5849-768x1024.jpeg\" alt=\"\" class=\"wp-image-1199\" srcset=\"https:\/\/ragdolls-rasephas.de\/wp-content\/uploads\/2025\/01\/IMG_5849-768x1024.jpeg 768w, https:\/\/ragdolls-rasephas.de\/wp-content\/uploads\/2025\/01\/IMG_5849-225x300.jpeg 225w, https:\/\/ragdolls-rasephas.de\/wp-content\/uploads\/2025\/01\/IMG_5849-1152x1536.jpeg 1152w, https:\/\/ragdolls-rasephas.de\/wp-content\/uploads\/2025\/01\/IMG_5849-1536x2048.jpeg 1536w, https:\/\/ragdolls-rasephas.de\/wp-content\/uploads\/2025\/01\/IMG_5849-scaled.jpeg 1920w\" sizes=\"auto, (max-width: 768px) 100vw, 768px\" \/><\/a><\/figure>\n\n\n\n<figure class=\"wp-block-image size-large\"><a href=\"https:\/\/ragdolls-rasephas.de\/wp-content\/uploads\/2025\/01\/IMG_5846-scaled.jpeg\"><img loading=\"lazy\" decoding=\"async\" width=\"768\" height=\"1024\" data-id=\"1198\" src=\"https:\/\/ragdolls-rasephas.de\/wp-content\/uploads\/2025\/01\/IMG_5846-768x1024.jpeg\" alt=\"\" class=\"wp-image-1198\" srcset=\"https:\/\/ragdolls-rasephas.de\/wp-content\/uploads\/2025\/01\/IMG_5846-768x1024.jpeg 768w, https:\/\/ragdolls-rasephas.de\/wp-content\/uploads\/2025\/01\/IMG_5846-225x300.jpeg 225w, https:\/\/ragdolls-rasephas.de\/wp-content\/uploads\/2025\/01\/IMG_5846-1152x1536.jpeg 1152w, https:\/\/ragdolls-rasephas.de\/wp-content\/uploads\/2025\/01\/IMG_5846-1536x2048.jpeg 1536w, https:\/\/ragdolls-rasephas.de\/wp-content\/uploads\/2025\/01\/IMG_5846-scaled.jpeg 1920w\" sizes=\"auto, (max-width: 768px) 100vw, 768px\" \/><\/a><\/figure>\n\n\n\n<figure class=\"wp-block-image size-large\"><a href=\"https:\/\/ragdolls-rasephas.de\/wp-content\/uploads\/2025\/01\/IMG_5832-scaled.jpeg\"><img loading=\"lazy\" decoding=\"async\" width=\"1024\" height=\"969\" data-id=\"1200\" src=\"https:\/\/ragdolls-rasephas.de\/wp-content\/uploads\/2025\/01\/IMG_5832-1024x969.jpeg\" alt=\"\" class=\"wp-image-1200\" srcset=\"https:\/\/ragdolls-rasephas.de\/wp-content\/uploads\/2025\/01\/IMG_5832-1024x969.jpeg 1024w, https:\/\/ragdolls-rasephas.de\/wp-content\/uploads\/2025\/01\/IMG_5832-300x284.jpeg 300w, https:\/\/ragdolls-rasephas.de\/wp-content\/uploads\/2025\/01\/IMG_5832-768x727.jpeg 768w, https:\/\/ragdolls-rasephas.de\/wp-content\/uploads\/2025\/01\/IMG_5832-1536x1454.jpeg 1536w, https:\/\/ragdolls-rasephas.de\/wp-content\/uploads\/2025\/01\/IMG_5832-2048x1939.jpeg 2048w\" sizes=\"auto, (max-width: 1024px) 100vw, 1024px\" \/><\/a><\/figure>\n\n\n\n<figure class=\"wp-block-image size-large\"><a href=\"https:\/\/ragdolls-rasephas.de\/wp-content\/uploads\/2025\/01\/IMG_5823-scaled.jpeg\"><img loading=\"lazy\" decoding=\"async\" width=\"768\" height=\"1024\" data-id=\"1212\" src=\"https:\/\/ragdolls-rasephas.de\/wp-content\/uploads\/2025\/01\/IMG_5823-768x1024.jpeg\" alt=\"\" class=\"wp-image-1212\" srcset=\"https:\/\/ragdolls-rasephas.de\/wp-content\/uploads\/2025\/01\/IMG_5823-768x1024.jpeg 768w, https:\/\/ragdolls-rasephas.de\/wp-content\/uploads\/2025\/01\/IMG_5823-225x300.jpeg 225w, https:\/\/ragdolls-rasephas.de\/wp-content\/uploads\/2025\/01\/IMG_5823-1152x1536.jpeg 1152w, https:\/\/ragdolls-rasephas.de\/wp-content\/uploads\/2025\/01\/IMG_5823-1536x2048.jpeg 1536w, https:\/\/ragdolls-rasephas.de\/wp-content\/uploads\/2025\/01\/IMG_5823-scaled.jpeg 1920w\" sizes=\"auto, (max-width: 768px) 100vw, 768px\" \/><\/a><\/figure>\n\n\n\n<figure class=\"wp-block-image size-large\"><a href=\"https:\/\/ragdolls-rasephas.de\/wp-content\/uploads\/2025\/01\/IMG_5629-scaled.jpeg\"><img loading=\"lazy\" decoding=\"async\" width=\"768\" height=\"1024\" data-id=\"1208\" src=\"https:\/\/ragdolls-rasephas.de\/wp-content\/uploads\/2025\/01\/IMG_5629-768x1024.jpeg\" alt=\"\" class=\"wp-image-1208\" srcset=\"https:\/\/ragdolls-rasephas.de\/wp-content\/uploads\/2025\/01\/IMG_5629-768x1024.jpeg 768w, https:\/\/ragdolls-rasephas.de\/wp-content\/uploads\/2025\/01\/IMG_5629-225x300.jpeg 225w, https:\/\/ragdolls-rasephas.de\/wp-content\/uploads\/2025\/01\/IMG_5629-1152x1536.jpeg 1152w, https:\/\/ragdolls-rasephas.de\/wp-content\/uploads\/2025\/01\/IMG_5629-1536x2048.jpeg 1536w, https:\/\/ragdolls-rasephas.de\/wp-content\/uploads\/2025\/01\/IMG_5629-scaled.jpeg 1920w\" sizes=\"auto, (max-width: 768px) 100vw, 768px\" \/><\/a><\/figure>\n\n\n\n<figure class=\"wp-block-image size-large\"><a href=\"https:\/\/ragdolls-rasephas.de\/wp-content\/uploads\/2025\/01\/IMG_5632-scaled.jpeg\"><img loading=\"lazy\" decoding=\"async\" width=\"768\" height=\"1024\" data-id=\"1215\" src=\"https:\/\/ragdolls-rasephas.de\/wp-content\/uploads\/2025\/01\/IMG_5632-768x1024.jpeg\" alt=\"\" class=\"wp-image-1215\" srcset=\"https:\/\/ragdolls-rasephas.de\/wp-content\/uploads\/2025\/01\/IMG_5632-768x1024.jpeg 768w, https:\/\/ragdolls-rasephas.de\/wp-content\/uploads\/2025\/01\/IMG_5632-225x300.jpeg 225w, https:\/\/ragdolls-rasephas.de\/wp-content\/uploads\/2025\/01\/IMG_5632-1152x1536.jpeg 1152w, https:\/\/ragdolls-rasephas.de\/wp-content\/uploads\/2025\/01\/IMG_5632-1536x2048.jpeg 1536w, https:\/\/ragdolls-rasephas.de\/wp-content\/uploads\/2025\/01\/IMG_5632-scaled.jpeg 1920w\" sizes=\"auto, (max-width: 768px) 100vw, 768px\" \/><\/a><\/figure>\n\n\n\n<figure class=\"wp-block-image size-large\"><a href=\"https:\/\/ragdolls-rasephas.de\/wp-content\/uploads\/2025\/01\/IMG_5620-scaled.jpeg\"><img loading=\"lazy\" decoding=\"async\" width=\"768\" height=\"1024\" data-id=\"1213\" src=\"https:\/\/ragdolls-rasephas.de\/wp-content\/uploads\/2025\/01\/IMG_5620-768x1024.jpeg\" alt=\"\" class=\"wp-image-1213\" srcset=\"https:\/\/ragdolls-rasephas.de\/wp-content\/uploads\/2025\/01\/IMG_5620-768x1024.jpeg 768w, https:\/\/ragdolls-rasephas.de\/wp-content\/uploads\/2025\/01\/IMG_5620-225x300.jpeg 225w, https:\/\/ragdolls-rasephas.de\/wp-content\/uploads\/2025\/01\/IMG_5620-1152x1536.jpeg 1152w, https:\/\/ragdolls-rasephas.de\/wp-content\/uploads\/2025\/01\/IMG_5620-1536x2048.jpeg 1536w, https:\/\/ragdolls-rasephas.de\/wp-content\/uploads\/2025\/01\/IMG_5620-scaled.jpeg 1920w\" sizes=\"auto, (max-width: 768px) 100vw, 768px\" \/><\/a><\/figure>\n\n\n\n<figure class=\"wp-block-image size-large\"><a href=\"https:\/\/ragdolls-rasephas.de\/wp-content\/uploads\/2025\/01\/IMG_5618-scaled.jpeg\"><img loading=\"lazy\" decoding=\"async\" width=\"768\" height=\"1024\" data-id=\"1209\" src=\"https:\/\/ragdolls-rasephas.de\/wp-content\/uploads\/2025\/01\/IMG_5618-768x1024.jpeg\" alt=\"\" class=\"wp-image-1209\" srcset=\"https:\/\/ragdolls-rasephas.de\/wp-content\/uploads\/2025\/01\/IMG_5618-768x1024.jpeg 768w, https:\/\/ragdolls-rasephas.de\/wp-content\/uploads\/2025\/01\/IMG_5618-225x300.jpeg 225w, https:\/\/ragdolls-rasephas.de\/wp-content\/uploads\/2025\/01\/IMG_5618-1152x1536.jpeg 1152w, https:\/\/ragdolls-rasephas.de\/wp-content\/uploads\/2025\/01\/IMG_5618-1536x2048.jpeg 1536w, https:\/\/ragdolls-rasephas.de\/wp-content\/uploads\/2025\/01\/IMG_5618-scaled.jpeg 1920w\" sizes=\"auto, (max-width: 768px) 100vw, 768px\" \/><\/a><\/figure>\n\n\n\n<figure class=\"wp-block-image size-large\"><a href=\"https:\/\/ragdolls-rasephas.de\/wp-content\/uploads\/2025\/01\/IMG_5617-scaled.jpeg\"><img loading=\"lazy\" decoding=\"async\" width=\"768\" height=\"1024\" data-id=\"1217\" src=\"https:\/\/ragdolls-rasephas.de\/wp-content\/uploads\/2025\/01\/IMG_5617-768x1024.jpeg\" alt=\"\" class=\"wp-image-1217\" srcset=\"https:\/\/ragdolls-rasephas.de\/wp-content\/uploads\/2025\/01\/IMG_5617-768x1024.jpeg 768w, https:\/\/ragdolls-rasephas.de\/wp-content\/uploads\/2025\/01\/IMG_5617-225x300.jpeg 225w, https:\/\/ragdolls-rasephas.de\/wp-content\/uploads\/2025\/01\/IMG_5617-1152x1536.jpeg 1152w, https:\/\/ragdolls-rasephas.de\/wp-content\/uploads\/2025\/01\/IMG_5617-1536x2048.jpeg 1536w, https:\/\/ragdolls-rasephas.de\/wp-content\/uploads\/2025\/01\/IMG_5617-scaled.jpeg 1920w\" sizes=\"auto, (max-width: 768px) 100vw, 768px\" \/><\/a><\/figure>\n\n\n\n<figure class=\"wp-block-image size-large\"><a href=\"https:\/\/ragdolls-rasephas.de\/wp-content\/uploads\/2025\/01\/IMG_5611-scaled.jpeg\"><img loading=\"lazy\" decoding=\"async\" width=\"768\" height=\"1024\" data-id=\"1207\" src=\"https:\/\/ragdolls-rasephas.de\/wp-content\/uploads\/2025\/01\/IMG_5611-768x1024.jpeg\" alt=\"\" class=\"wp-image-1207\" srcset=\"https:\/\/ragdolls-rasephas.de\/wp-content\/uploads\/2025\/01\/IMG_5611-768x1024.jpeg 768w, https:\/\/ragdolls-rasephas.de\/wp-content\/uploads\/2025\/01\/IMG_5611-225x300.jpeg 225w, https:\/\/ragdolls-rasephas.de\/wp-content\/uploads\/2025\/01\/IMG_5611-1152x1536.jpeg 1152w, https:\/\/ragdolls-rasephas.de\/wp-content\/uploads\/2025\/01\/IMG_5611-1536x2048.jpeg 1536w, https:\/\/ragdolls-rasephas.de\/wp-content\/uploads\/2025\/01\/IMG_5611-scaled.jpeg 1920w\" sizes=\"auto, (max-width: 768px) 100vw, 768px\" \/><\/a><\/figure>\n\n\n\n<figure class=\"wp-block-image size-large\"><a href=\"https:\/\/ragdolls-rasephas.de\/wp-content\/uploads\/2025\/01\/IMG_5613-scaled.jpeg\"><img loading=\"lazy\" decoding=\"async\" width=\"768\" height=\"1024\" data-id=\"1210\" src=\"https:\/\/ragdolls-rasephas.de\/wp-content\/uploads\/2025\/01\/IMG_5613-768x1024.jpeg\" alt=\"\" class=\"wp-image-1210\" srcset=\"https:\/\/ragdolls-rasephas.de\/wp-content\/uploads\/2025\/01\/IMG_5613-768x1024.jpeg 768w, https:\/\/ragdolls-rasephas.de\/wp-content\/uploads\/2025\/01\/IMG_5613-225x300.jpeg 225w, https:\/\/ragdolls-rasephas.de\/wp-content\/uploads\/2025\/01\/IMG_5613-1152x1536.jpeg 1152w, https:\/\/ragdolls-rasephas.de\/wp-content\/uploads\/2025\/01\/IMG_5613-1536x2048.jpeg 1536w, https:\/\/ragdolls-rasephas.de\/wp-content\/uploads\/2025\/01\/IMG_5613-scaled.jpeg 1920w\" sizes=\"auto, (max-width: 768px) 100vw, 768px\" \/><\/a><\/figure>\n\n\n\n<figure class=\"wp-block-image size-large\"><a href=\"https:\/\/ragdolls-rasephas.de\/wp-content\/uploads\/2025\/01\/IMG_5606-scaled.jpeg\"><img loading=\"lazy\" decoding=\"async\" width=\"768\" height=\"1024\" data-id=\"1216\" src=\"https:\/\/ragdolls-rasephas.de\/wp-content\/uploads\/2025\/01\/IMG_5606-768x1024.jpeg\" alt=\"\" class=\"wp-image-1216\" srcset=\"https:\/\/ragdolls-rasephas.de\/wp-content\/uploads\/2025\/01\/IMG_5606-768x1024.jpeg 768w, https:\/\/ragdolls-rasephas.de\/wp-content\/uploads\/2025\/01\/IMG_5606-225x300.jpeg 225w, https:\/\/ragdolls-rasephas.de\/wp-content\/uploads\/2025\/01\/IMG_5606-1152x1536.jpeg 1152w, https:\/\/ragdolls-rasephas.de\/wp-content\/uploads\/2025\/01\/IMG_5606-1536x2048.jpeg 1536w, https:\/\/ragdolls-rasephas.de\/wp-content\/uploads\/2025\/01\/IMG_5606-scaled.jpeg 1920w\" sizes=\"auto, (max-width: 768px) 100vw, 768px\" \/><\/a><\/figure>\n\n\n\n<figure class=\"wp-block-image size-large\"><a href=\"https:\/\/ragdolls-rasephas.de\/wp-content\/uploads\/2025\/01\/IMG_5609-scaled.jpeg\"><img loading=\"lazy\" decoding=\"async\" width=\"768\" height=\"1024\" data-id=\"1203\" src=\"https:\/\/ragdolls-rasephas.de\/wp-content\/uploads\/2025\/01\/IMG_5609-768x1024.jpeg\" alt=\"\" class=\"wp-image-1203\" srcset=\"https:\/\/ragdolls-rasephas.de\/wp-content\/uploads\/2025\/01\/IMG_5609-768x1024.jpeg 768w, https:\/\/ragdolls-rasephas.de\/wp-content\/uploads\/2025\/01\/IMG_5609-225x300.jpeg 225w, https:\/\/ragdolls-rasephas.de\/wp-content\/uploads\/2025\/01\/IMG_5609-1152x1536.jpeg 1152w, https:\/\/ragdolls-rasephas.de\/wp-content\/uploads\/2025\/01\/IMG_5609-1536x2048.jpeg 1536w, https:\/\/ragdolls-rasephas.de\/wp-content\/uploads\/2025\/01\/IMG_5609-scaled.jpeg 1920w\" sizes=\"auto, (max-width: 768px) 100vw, 768px\" \/><\/a><\/figure>\n\n\n\n<figure class=\"wp-block-image size-large\"><a href=\"https:\/\/ragdolls-rasephas.de\/wp-content\/uploads\/2025\/01\/IMG_5603-scaled.jpeg\"><img loading=\"lazy\" decoding=\"async\" width=\"768\" height=\"1024\" data-id=\"1206\" src=\"https:\/\/ragdolls-rasephas.de\/wp-content\/uploads\/2025\/01\/IMG_5603-768x1024.jpeg\" alt=\"\" class=\"wp-image-1206\" srcset=\"https:\/\/ragdolls-rasephas.de\/wp-content\/uploads\/2025\/01\/IMG_5603-768x1024.jpeg 768w, https:\/\/ragdolls-rasephas.de\/wp-content\/uploads\/2025\/01\/IMG_5603-225x300.jpeg 225w, https:\/\/ragdolls-rasephas.de\/wp-content\/uploads\/2025\/01\/IMG_5603-1152x1536.jpeg 1152w, https:\/\/ragdolls-rasephas.de\/wp-content\/uploads\/2025\/01\/IMG_5603-1536x2048.jpeg 1536w, https:\/\/ragdolls-rasephas.de\/wp-content\/uploads\/2025\/01\/IMG_5603-scaled.jpeg 1920w\" sizes=\"auto, (max-width: 768px) 100vw, 768px\" \/><\/a><\/figure>\n\n\n\n<figure class=\"wp-block-image size-large\"><a href=\"https:\/\/ragdolls-rasephas.de\/wp-content\/uploads\/2025\/01\/IMG_5605-scaled.jpeg\"><img loading=\"lazy\" decoding=\"async\" width=\"768\" height=\"1024\" data-id=\"1214\" src=\"https:\/\/ragdolls-rasephas.de\/wp-content\/uploads\/2025\/01\/IMG_5605-768x1024.jpeg\" alt=\"\" class=\"wp-image-1214\" srcset=\"https:\/\/ragdolls-rasephas.de\/wp-content\/uploads\/2025\/01\/IMG_5605-768x1024.jpeg 768w, https:\/\/ragdolls-rasephas.de\/wp-content\/uploads\/2025\/01\/IMG_5605-225x300.jpeg 225w, https:\/\/ragdolls-rasephas.de\/wp-content\/uploads\/2025\/01\/IMG_5605-1152x1536.jpeg 1152w, https:\/\/ragdolls-rasephas.de\/wp-content\/uploads\/2025\/01\/IMG_5605-1536x2048.jpeg 1536w, https:\/\/ragdolls-rasephas.de\/wp-content\/uploads\/2025\/01\/IMG_5605-scaled.jpeg 1920w\" sizes=\"auto, (max-width: 768px) 100vw, 768px\" \/><\/a><\/figure>\n\n\n\n<figure class=\"wp-block-image size-large\"><a href=\"https:\/\/ragdolls-rasephas.de\/wp-content\/uploads\/2025\/01\/IMG_5604-scaled.jpeg\"><img loading=\"lazy\" decoding=\"async\" width=\"768\" height=\"1024\" data-id=\"1202\" src=\"https:\/\/ragdolls-rasephas.de\/wp-content\/uploads\/2025\/01\/IMG_5604-768x1024.jpeg\" alt=\"\" class=\"wp-image-1202\" srcset=\"https:\/\/ragdolls-rasephas.de\/wp-content\/uploads\/2025\/01\/IMG_5604-768x1024.jpeg 768w, https:\/\/ragdolls-rasephas.de\/wp-content\/uploads\/2025\/01\/IMG_5604-225x300.jpeg 225w, https:\/\/ragdolls-rasephas.de\/wp-content\/uploads\/2025\/01\/IMG_5604-1152x1536.jpeg 1152w, https:\/\/ragdolls-rasephas.de\/wp-content\/uploads\/2025\/01\/IMG_5604-1536x2048.jpeg 1536w, https:\/\/ragdolls-rasephas.de\/wp-content\/uploads\/2025\/01\/IMG_5604-scaled.jpeg 1920w\" sizes=\"auto, (max-width: 768px) 100vw, 768px\" \/><\/a><\/figure>\n\n\n\n<figure class=\"wp-block-image size-large\"><a href=\"https:\/\/ragdolls-rasephas.de\/wp-content\/uploads\/2025\/01\/IMG_5557-scaled.jpeg\"><img loading=\"lazy\" decoding=\"async\" width=\"768\" height=\"1024\" data-id=\"1211\" src=\"https:\/\/ragdolls-rasephas.de\/wp-content\/uploads\/2025\/01\/IMG_5557-768x1024.jpeg\" alt=\"\" class=\"wp-image-1211\" srcset=\"https:\/\/ragdolls-rasephas.de\/wp-content\/uploads\/2025\/01\/IMG_5557-768x1024.jpeg 768w, https:\/\/ragdolls-rasephas.de\/wp-content\/uploads\/2025\/01\/IMG_5557-225x300.jpeg 225w, https:\/\/ragdolls-rasephas.de\/wp-content\/uploads\/2025\/01\/IMG_5557-1152x1536.jpeg 1152w, https:\/\/ragdolls-rasephas.de\/wp-content\/uploads\/2025\/01\/IMG_5557-1536x2048.jpeg 1536w, https:\/\/ragdolls-rasephas.de\/wp-content\/uploads\/2025\/01\/IMG_5557-scaled.jpeg 1920w\" sizes=\"auto, (max-width: 768px) 100vw, 768px\" \/><\/a><\/figure>\n<\/figure>\n","protected":false},"excerpt":{"rendered":"<p>Purr4dreams Gioia und Leo von den Saaleteufeln sind am 11.10.2024 Eltern geworden. Es sind old Englisch Kitten. Es sind ein M\u00e4dchen und zwei Junge. Name Geschlecht Farbe Status Hailey weiblich Seal colourpoint Ausgezogen Harry m\u00e4nnlich Seal colourpoint Ausgezogen Hanibal m\u00e4nnlich Blue colourpoint Ausgezogen<\/p>\n","protected":false},"author":2,"featured_media":0,"parent":0,"menu_order":0,"comment_status":"closed","ping_status":"closed","template":"","meta":{"footnotes":""},"class_list":["post-1177","page","type-page","status-publish","hentry"],"_links":{"self":[{"href":"https:\/\/ragdolls-rasephas.de\/index.php?rest_route=\/wp\/v2\/pages\/1177","targetHints":{"allow":["GET"]}}],"collection":[{"href":"https:\/\/ragdolls-rasephas.de\/index.php?rest_route=\/wp\/v2\/pages"}],"about":[{"href":"https:\/\/ragdolls-rasephas.de\/index.php?rest_route=\/wp\/v2\/types\/page"}],"author":[{"embeddable":true,"href":"https:\/\/ragdolls-rasephas.de\/index.php?rest_route=\/wp\/v2\/users\/2"}],"replies":[{"embeddable":true,"href":"https:\/\/ragdolls-rasephas.de\/index.php?rest_route=%2Fwp%2Fv2%2Fcomments&post=1177"}],"version-history":[{"count":15,"href":"https:\/\/ragdolls-rasephas.de\/index.php?rest_route=\/wp\/v2\/pages\/1177\/revisions"}],"predecessor-version":[{"id":1238,"href":"https:\/\/ragdolls-rasephas.de\/index.php?rest_route=\/wp\/v2\/pages\/1177\/revisions\/1238"}],"wp:attachment":[{"href":"https:\/\/ragdolls-rasephas.de\/index.php?rest_route=%2Fwp%2Fv2%2Fmedia&parent=1177"}],"curies":[{"name":"wp","href":"https:\/\/api.w.org\/{rel}","templated":true}]}}