{"id":15,"date":"2022-09-05T09:31:51","date_gmt":"2022-09-05T07:31:51","guid":{"rendered":"http:\/\/ragdolls-rasephas.de\/?page_id=15"},"modified":"2023-05-05T07:17:23","modified_gmt":"2023-05-05T05:17:23","slug":"15-2","status":"publish","type":"page","link":"https:\/\/ragdolls-rasephas.de\/","title":{"rendered":"Startseite"},"content":{"rendered":"<p><a href=\"https:\/\/ragdolls-rasephas.de\/wp-content\/uploads\/2022\/09\/Bild2.jpg\"><img loading=\"lazy\" decoding=\"async\" class=\"aligncenter wp-image-16\" src=\"https:\/\/ragdolls-rasephas.de\/wp-content\/uploads\/2022\/09\/Bild2-259x300.jpg\" alt=\"\" width=\"400\" height=\"464\" srcset=\"https:\/\/ragdolls-rasephas.de\/wp-content\/uploads\/2022\/09\/Bild2-259x300.jpg 259w, https:\/\/ragdolls-rasephas.de\/wp-content\/uploads\/2022\/09\/Bild2-883x1024.jpg 883w, https:\/\/ragdolls-rasephas.de\/wp-content\/uploads\/2022\/09\/Bild2-768x891.jpg 768w, https:\/\/ragdolls-rasephas.de\/wp-content\/uploads\/2022\/09\/Bild2.jpg 1311w\" sizes=\"auto, (max-width: 400px) 100vw, 400px\" \/><\/a><\/p>\n<p style=\"text-align: center;\"><span style=\"color: #000000;\"><strong><br \/>\n<span style=\"color: #000000;\">Eine Katze wei\u00df nicht, wie man Liebe schreibt, <\/span><\/strong><\/span><\/p>\n<p style=\"text-align: center;\"><span style=\"color: #000000;\"><strong>aber sie wei\u00df ganz genau, wie man sie t\u00e4glich zeigt.<\/strong><\/span><\/p>\n<p><strong>.<\/strong><\/p>\n","protected":false},"excerpt":{"rendered":"<p>Eine Katze wei\u00df nicht, wie man Liebe schreibt, aber sie wei\u00df ganz genau, wie man sie t\u00e4glich zeigt. .<\/p>\n","protected":false},"author":1,"featured_media":0,"parent":0,"menu_order":0,"comment_status":"closed","ping_status":"closed","template":"","meta":{"footnotes":""},"class_list":["post-15","page","type-page","status-publish","hentry"],"_links":{"self":[{"href":"https:\/\/ragdolls-rasephas.de\/index.php?rest_route=\/wp\/v2\/pages\/15","targetHints":{"allow":["GET"]}}],"collection":[{"href":"https:\/\/ragdolls-rasephas.de\/index.php?rest_route=\/wp\/v2\/pages"}],"about":[{"href":"https:\/\/ragdolls-rasephas.de\/index.php?rest_route=\/wp\/v2\/types\/page"}],"author":[{"embeddable":true,"href":"https:\/\/ragdolls-rasephas.de\/index.php?rest_route=\/wp\/v2\/users\/1"}],"replies":[{"embeddable":true,"href":"https:\/\/ragdolls-rasephas.de\/index.php?rest_route=%2Fwp%2Fv2%2Fcomments&post=15"}],"version-history":[{"count":7,"href":"https:\/\/ragdolls-rasephas.de\/index.php?rest_route=\/wp\/v2\/pages\/15\/revisions"}],"predecessor-version":[{"id":372,"href":"https:\/\/ragdolls-rasephas.de\/index.php?rest_route=\/wp\/v2\/pages\/15\/revisions\/372"}],"wp:attachment":[{"href":"https:\/\/ragdolls-rasephas.de\/index.php?rest_route=%2Fwp%2Fv2%2Fmedia&parent=15"}],"curies":[{"name":"wp","href":"https:\/\/api.w.org\/{rel}","templated":true}]}}