{"id":29,"date":"2022-09-05T09:38:06","date_gmt":"2022-09-05T07:38:06","guid":{"rendered":"http:\/\/ragdolls-rasephas.de\/?page_id=29"},"modified":"2022-09-05T09:38:06","modified_gmt":"2022-09-05T07:38:06","slug":"meine-zucht","status":"publish","type":"page","link":"https:\/\/ragdolls-rasephas.de\/?page_id=29","title":{"rendered":"Meine Zucht"},"content":{"rendered":"<p><span style=\"color: #ffffff;\">.<\/span><\/p>\n<p><span style=\"color: #ffffff;\">.<\/span><\/p>\n<p><strong>Hier finden Sie Informationen \u00fcber meine Hobby-Zucht von reinrassigen Ragdoll-Katzen im Osten Deutschlands, im Altenburger Land.<\/strong><br \/><span style=\"background-color: #ffffff;\">.<\/span><br \/><strong>Wir sind mit unserer kleinen Cattery Mitglied im WCC e.V., einem Verein f\u00fcr Katzenliebhaber und -Z\u00fcchter, und z\u00fcchten aus Liebe zu dieser tollen Katzenrasse.<br \/>Ich m\u00f6chte mich zuk\u00fcnftig f\u00fcr den Erhalt der traditionellen Farben der Ragdoll einsetzen, um den Bestand dieser sanftm\u00fctigen, familienfreundlichen Rasse zu sichern.<br \/><span style=\"background-color: #ffffff;\">.<\/span><br \/><\/strong><strong>Daher z\u00fcchte ich ausschlie\u00dflich die urspr\u00fcnglichen traditionellen, rein traditionellen und Old Englisch Linien und habe daher nicht die neuen Farben wie rot und creme<\/strong><br \/><strong>und unsere Kitten sind auch nicht tabby oder tortie, denn uns ist wichtig die reinen Ragdoll Linien zu halten ohne die Einkreuzung fremder Rassen.<br \/><span style=\"background-color: #ffffff;\">.<\/span><br \/><\/strong><strong>Ich z\u00fcchte ausnahmslos mit gesunden Tieren, die wir hochwertig und artgerecht ern\u00e4hren. Wir testen vor Zuchteinsatz auf Erbkrankheiten.<br \/><\/strong><span style=\"background-color: #ffffff;\">.<\/span><br \/><strong>Da wir eine verantwortungsvolle Zucht betreiben, weise ich ausdr\u00fccklich darauf hin, dass wir keines unserer Ragdoll-Kitten in Einzelhaltung abgeben, da die Ragdoll vom Wesen her unbedingt eine weitere Katze als Spiel- und Kuschelpartner ben\u00f6tigt.<\/strong><\/p>\n<p><span style=\"background-color: #ffffff;\">.<\/span><\/p>\n<p><strong>Ihre Jacqueline Kampers<\/strong><\/p>\n\n\n<p><\/p>\n","protected":false},"excerpt":{"rendered":"<p>. . Hier finden Sie Informationen \u00fcber meine Hobby-Zucht von reinrassigen Ragdoll-Katzen im Osten Deutschlands, im Altenburger Land..Wir sind mit unserer kleinen Cattery Mitglied im WCC e.V., einem Verein f\u00fcr Katzenliebhaber und -Z\u00fcchter, und z\u00fcchten aus Liebe zu dieser tollen Katzenrasse.Ich m\u00f6chte mich zuk\u00fcnftig f\u00fcr den Erhalt der traditionellen Farben der Ragdoll einsetzen, um den [&hellip;]<\/p>\n","protected":false},"author":1,"featured_media":0,"parent":0,"menu_order":0,"comment_status":"closed","ping_status":"closed","template":"","meta":{"footnotes":""},"class_list":["post-29","page","type-page","status-publish","hentry"],"_links":{"self":[{"href":"https:\/\/ragdolls-rasephas.de\/index.php?rest_route=\/wp\/v2\/pages\/29","targetHints":{"allow":["GET"]}}],"collection":[{"href":"https:\/\/ragdolls-rasephas.de\/index.php?rest_route=\/wp\/v2\/pages"}],"about":[{"href":"https:\/\/ragdolls-rasephas.de\/index.php?rest_route=\/wp\/v2\/types\/page"}],"author":[{"embeddable":true,"href":"https:\/\/ragdolls-rasephas.de\/index.php?rest_route=\/wp\/v2\/users\/1"}],"replies":[{"embeddable":true,"href":"https:\/\/ragdolls-rasephas.de\/index.php?rest_route=%2Fwp%2Fv2%2Fcomments&post=29"}],"version-history":[{"count":1,"href":"https:\/\/ragdolls-rasephas.de\/index.php?rest_route=\/wp\/v2\/pages\/29\/revisions"}],"predecessor-version":[{"id":30,"href":"https:\/\/ragdolls-rasephas.de\/index.php?rest_route=\/wp\/v2\/pages\/29\/revisions\/30"}],"wp:attachment":[{"href":"https:\/\/ragdolls-rasephas.de\/index.php?rest_route=%2Fwp%2Fv2%2Fmedia&parent=29"}],"curies":[{"name":"wp","href":"https:\/\/api.w.org\/{rel}","templated":true}]}}